{"id":9317,"date":"2026-01-23T08:44:18","date_gmt":"2026-01-23T07:44:18","guid":{"rendered":"https:\/\/www.lasreinasdelbiberon.org\/?post_type=product&#038;p=9317"},"modified":"2026-01-27T21:22:35","modified_gmt":"2026-01-27T20:22:35","slug":"cookie","status":"publish","type":"product","link":"https:\/\/www.lasreinasdelbiberon.org\/val\/producto\/cookie\/","title":{"rendered":"COOKIE"},"content":{"rendered":"<div class=\"xdj266r x14z9mp xat24cr x1lziwak x1vvkbs x126k92a\">\n<div dir=\"auto\">\n<blockquote><p>Cookie naci\u00f3, al igual que sus hermanos, bajo el cuidado de una mam\u00e1 luchadora que fue rescatada de la calle junto a toda su camada. Gracias a ese acto de amor, Cookie pudo empezar su vida a salvo, aunque al principio todo era nuevo y un poco abrumador para ella.<\/p>\n<p>Desde el primer momento qued\u00f3 claro que Cookie ten\u00eda algo especial. La m\u00e1s peque\u00f1a de la camada, s\u00ed, pero tambi\u00e9n una de las m\u00e1s vivas y curiosas. Al llegar a la casa de acogida, pas\u00f3 del miedo inicial a convertirse en un aut\u00e9ntico torbellino de energ\u00eda, siempre con ganas de descubrir, jugar y llamar la atenci\u00f3n con su simpat\u00eda.<\/p>\n<p>Cookie es pura alegr\u00eda: juguetona, divertida y muy expresiva. A pesar de su energ\u00eda inagotable, es una cachorra extremadamente buena y cari\u00f1osa, que disfruta tanto de correr y explorar como de acurrucarse cuando llega la calma. Tiene ese equilibrio precioso entre travesura y ternura que enamora sin remedio.<\/p>\n<p>Ahora Cookie busca una familia activa y amorosa, dispuesta a compartir juegos, aprendizaje y aventuras, pero tambi\u00e9n momentos de sof\u00e1 y cari\u00f1o. Ella est\u00e1 lista para crecer rodeada de amor y convertirse en una compa\u00f1era fiel y adorable para toda la vida \ud83d\udc3e\ud83d\udc96.<\/p><\/blockquote>\n<p data-start=\"1152\" data-end=\"1367\">TAMA\u00d1O: Pensamos que ser\u00e1 mediano: \u00a0(de 15 kg a 25 kg).<\/p>\n<\/div>\n<\/div>\n<div class=\"x14z9mp xat24cr x1lziwak x1vvkbs xtlvy1s x126k92a\">\n<div dir=\"auto\">\n<div class=\"x14z9mp xat24cr x1lziwak x1vvkbs xtlvy1s x126k92a\">\n<div dir=\"auto\">EDAD\/APROX:<\/div>\n<\/div>\n<\/div>\n<div dir=\"auto\">Nacido el 15\/11\/2025<\/div>\n<div dir=\"auto\"><span class=\"html-span xexx8yu xyri2b x18d9i69 x1c1uobl x1hl2dhg x16tdsg8 x1vvkbs x3nfvp2 x1j61x8r x1fcty0u xdj266r xat24cr xm2jcoa x1mpyi22 xxymvpz xlup9mm x1kky2od\"><img loading=\"lazy\" decoding=\"async\" class=\"xz74otr x15mokao x1ga7v0g x16uus16 xbiv7yw\" src=\"https:\/\/static.xx.fbcdn.net\/images\/emoji.php\/v9\/t2d\/1\/16\/1f4cd.png\" alt=\"\ud83d\udccd\" width=\"16\" height=\"16\" \/><\/span> Est\u00e1n en Alicante<\/div>\n<div dir=\"auto\">Solo recogida, no enviamos por su corta edad.<\/div>\n<div dir=\"auto\">Se entregan con primera vacuna, chip, desparasitaci\u00f3n interna y externa. \u00a1Podr\u00e1n unirse a tu familia a partir de los dos meses! <span class=\"html-span xexx8yu xyri2b x18d9i69 x1c1uobl x1hl2dhg x16tdsg8 x1vvkbs x3nfvp2 x1j61x8r x1fcty0u xdj266r xat24cr xm2jcoa x1mpyi22 xxymvpz xlup9mm x1kky2od\"><img loading=\"lazy\" decoding=\"async\" class=\"xz74otr x15mokao x1ga7v0g x16uus16 xbiv7yw\" src=\"https:\/\/static.xx.fbcdn.net\/images\/emoji.php\/v9\/t70\/1\/16\/1f415.png\" alt=\"\ud83d\udc15\" width=\"16\" height=\"16\" \/><\/span><span class=\"html-span xexx8yu xyri2b x18d9i69 x1c1uobl x1hl2dhg x16tdsg8 x1vvkbs x3nfvp2 x1j61x8r x1fcty0u xdj266r xat24cr xm2jcoa x1mpyi22 xxymvpz xlup9mm x1kky2od\"><img loading=\"lazy\" decoding=\"async\" class=\"xz74otr x15mokao x1ga7v0g x16uus16 xbiv7yw\" src=\"https:\/\/static.xx.fbcdn.net\/images\/emoji.php\/v9\/tcd\/1\/16\/1f489.png\" alt=\"\ud83d\udc89\" width=\"16\" height=\"16\" \/><\/span><\/div>\n<\/div>\n<div class=\"x14z9mp xat24cr x1lziwak x1vvkbs xtlvy1s x126k92a\">\n<div dir=\"auto\"><span class=\"html-span xexx8yu xyri2b x18d9i69 x1c1uobl x1hl2dhg x16tdsg8 x1vvkbs x3nfvp2 x1j61x8r x1fcty0u xdj266r xat24cr xm2jcoa x1mpyi22 xxymvpz xlup9mm x1kky2od\"><img loading=\"lazy\" decoding=\"async\" class=\"xz74otr x15mokao x1ga7v0g x16uus16 xbiv7yw\" src=\"https:\/\/static.xx.fbcdn.net\/images\/emoji.php\/v9\/tf7\/1\/16\/1f48c.png\" alt=\"\ud83d\udc8c\" width=\"16\" height=\"16\" \/><\/span> Si est\u00e1s interesad@ en adoptar, env\u00edanos un mensaje privado.<\/div>\n<div dir=\"auto\"><span class=\"html-span xexx8yu xyri2b x18d9i69 x1c1uobl x1hl2dhg x16tdsg8 x1vvkbs x3nfvp2 x1j61x8r x1fcty0u xdj266r xat24cr xm2jcoa x1mpyi22 xxymvpz xlup9mm x1kky2od\"><img loading=\"lazy\" decoding=\"async\" class=\"xz74otr x15mokao x1ga7v0g x16uus16 xbiv7yw\" src=\"https:\/\/static.xx.fbcdn.net\/images\/emoji.php\/v9\/t80\/1\/16\/1f64f.png\" alt=\"\ud83d\ude4f\" width=\"16\" height=\"16\" \/><\/span> Si no puedes adoptar, comparte esta publicaci\u00f3n. Cada vez que compartes, les das una oportunidad de encontrar su familia para siempre. <span class=\"html-span xexx8yu xyri2b x18d9i69 x1c1uobl x1hl2dhg x16tdsg8 x1vvkbs x3nfvp2 x1j61x8r x1fcty0u xdj266r xat24cr xm2jcoa x1mpyi22 xxymvpz xlup9mm x1kky2od\"><img loading=\"lazy\" decoding=\"async\" class=\"xz74otr x15mokao x1ga7v0g x16uus16 xbiv7yw\" src=\"https:\/\/static.xx.fbcdn.net\/images\/emoji.php\/v9\/te0\/1\/16\/1f31f.png\" alt=\"\ud83c\udf1f\" width=\"16\" height=\"16\" \/><\/span><\/div>\n<\/div>\n<div class=\"x14z9mp xat24cr x1lziwak x1vvkbs xtlvy1s x126k92a\">\n<div dir=\"auto\"><span class=\"html-span xexx8yu xyri2b x18d9i69 x1c1uobl x1hl2dhg x16tdsg8 x1vvkbs x3nfvp2 x1j61x8r x1fcty0u xdj266r xat24cr xm2jcoa x1mpyi22 xxymvpz xlup9mm x1kky2od\"><img loading=\"lazy\" decoding=\"async\" class=\"xz74otr x15mokao x1ga7v0g x16uus16 xbiv7yw\" src=\"https:\/\/static.xx.fbcdn.net\/images\/emoji.php\/v9\/tf0\/1\/16\/1f338.png\" alt=\"\ud83c\udf38\" width=\"16\" height=\"16\" \/><\/span> \u00a1Necesitamos tu ayuda!<\/div>\n<div dir=\"auto\">Ay\u00fadanos a cubrir los gastos veterinarios y de manutenci\u00f3n. Aqu\u00ed tienes algunas formas de colaborar:<\/div>\n<div dir=\"auto\"><span class=\"html-span xexx8yu xyri2b x18d9i69 x1c1uobl x1hl2dhg x16tdsg8 x1vvkbs x3nfvp2 x1j61x8r x1fcty0u xdj266r xat24cr xm2jcoa x1mpyi22 xxymvpz xlup9mm x1kky2od\"><img loading=\"lazy\" decoding=\"async\" class=\"xz74otr x15mokao x1ga7v0g x16uus16 xbiv7yw\" src=\"https:\/\/static.xx.fbcdn.net\/images\/emoji.php\/v9\/td8\/1\/16\/1f39f.png\" alt=\"\ud83c\udf9f\" width=\"16\" height=\"16\" \/><\/span> Participa en nuestras rifas mensuales.<\/div>\n<div dir=\"auto\"><span class=\"html-span xexx8yu xyri2b x18d9i69 x1c1uobl x1hl2dhg x16tdsg8 x1vvkbs x3nfvp2 x1j61x8r x1fcty0u xdj266r xat24cr xm2jcoa x1mpyi22 xxymvpz xlup9mm x1kky2od\"><img loading=\"lazy\" decoding=\"async\" class=\"xz74otr x15mokao x1ga7v0g x16uus16 xbiv7yw\" src=\"https:\/\/static.xx.fbcdn.net\/images\/emoji.php\/v9\/td8\/1\/16\/1f4f2.png\" alt=\"\ud83d\udcf2\" width=\"16\" height=\"16\" \/><\/span> Bizum: Donativos al c\u00f3digo 03760.<\/div>\n<div dir=\"auto\"><span class=\"html-span xexx8yu xyri2b x18d9i69 x1c1uobl x1hl2dhg x16tdsg8 x1vvkbs x3nfvp2 x1j61x8r x1fcty0u xdj266r xat24cr xm2jcoa x1mpyi22 xxymvpz xlup9mm x1kky2od\"><img loading=\"lazy\" decoding=\"async\" class=\"xz74otr x15mokao x1ga7v0g x16uus16 xbiv7yw\" src=\"https:\/\/static.xx.fbcdn.net\/images\/emoji.php\/v9\/tdd\/1\/16\/1f4b3.png\" alt=\"\ud83d\udcb3\" width=\"16\" height=\"16\" \/><\/span> N\u00famero de cuenta: ES8100730100570506265231.<\/div>\n<div dir=\"auto\">\n<p><span class=\"html-span xexx8yu xyri2b x18d9i69 x1c1uobl x1hl2dhg x16tdsg8 x1vvkbs x3nfvp2 x1j61x8r x1fcty0u xdj266r xat24cr xm2jcoa x1mpyi22 xxymvpz xlup9mm x1kky2od\"><img loading=\"lazy\" decoding=\"async\" class=\"xz74otr x15mokao x1ga7v0g x16uus16 xbiv7yw\" src=\"https:\/\/static.xx.fbcdn.net\/images\/emoji.php\/v9\/t3f\/1\/16\/1f30d.png\" alt=\"\ud83c\udf0d\" width=\"16\" height=\"16\" \/><\/span> Teaming: Dona 1\u20ac\/mes para seguir salvando vidas <span class=\"html-span xexx8yu xyri2b x18d9i69 x1c1uobl x1hl2dhg x16tdsg8 x1vvkbs x3nfvp2 x1j61x8r x1fcty0u xdj266r xat24cr xm2jcoa x1mpyi22 xxymvpz xlup9mm x1kky2od\"><img loading=\"lazy\" decoding=\"async\" class=\"xz74otr x15mokao x1ga7v0g x16uus16 xbiv7yw\" src=\"https:\/\/static.xx.fbcdn.net\/images\/emoji.php\/v9\/t51\/1\/16\/1f449.png\" alt=\"\ud83d\udc49\" width=\"16\" height=\"16\" \/><\/span> <span class=\"html-span xdj266r x14z9mp xat24cr x1lziwak xexx8yu xyri2b x18d9i69 x1c1uobl x1hl2dhg x16tdsg8 x1vvkbs\"><a class=\"x1i10hfl xjbqb8w x1ejq31n x18oe1m7 x1sy0etr xstzfhl x972fbf x10w94by x1qhh985 x14e42zd x9f619 x1ypdohk xt0psk2 x3ct3a4 xdj266r x14z9mp xat24cr x1lziwak xexx8yu xyri2b x18d9i69 x1c1uobl x16tdsg8 x1hl2dhg xggy1nq x1a2a7pz xkrqix3 x1sur9pj x1fey0fg x1s688f\" tabindex=\"0\" role=\"link\" href=\"http:\/\/www.teaming.net\/lasreinasdelbiberon?fbclid=IwZXh0bgNhZW0CMTAAYnJpZBEwRVZINGM2SGNkcWNVTk5FenNydGMGYXBwX2lkEDIyMjAzOTE3ODgyMDA4OTIIY2FsbHNpdGUBMgABHp5JtOjT7Sj_t2KGcxgQuREYy0fZI8wUJBhLCJ_QtL7NxmnbchijeHCpwtQy_aem__o__PDYtPbJ-dK-pP_0PGA\" target=\"_blank\" rel=\"nofollow noopener noreferrer\">www.teaming.net\/lasreinasdelbiberon <\/a><\/span>y el grupo <span class=\"html-span xdj266r x14z9mp xat24cr x1lziwak xexx8yu xyri2b x18d9i69 x1c1uobl x1hl2dhg x16tdsg8 x1vvkbs\"><a class=\"x1i10hfl xjbqb8w x1ejq31n x18oe1m7 x1sy0etr xstzfhl x972fbf x10w94by x1qhh985 x14e42zd x9f619 x1ypdohk xt0psk2 x3ct3a4 xdj266r x14z9mp xat24cr x1lziwak xexx8yu xyri2b x18d9i69 x1c1uobl x16tdsg8 x1hl2dhg xggy1nq x1a2a7pz xkrqix3 x1sur9pj x1fey0fg x1s688f\" tabindex=\"0\" role=\"link\" href=\"http:\/\/www.teaming.net\/lasreinasdelbiberonsegundoeuro?fbclid=IwZXh0bgNhZW0CMTAAYnJpZBEwRVZINGM2SGNkcWNVTk5FenNydGMGYXBwX2lkEDIyMjAzOTE3ODgyMDA4OTIIY2FsbHNpdGUBMgABHp5JtOjT7Sj_t2KGcxgQuREYy0fZI8wUJBhLCJ_QtL7NxmnbchijeHCpwtQy_aem__o__PDYtPbJ-dK-pP_0PGA\" target=\"_blank\" rel=\"nofollow noopener noreferrer\">www.teaming.net\/lasreinasdelbiberonsegundoeuro<\/a><\/span><\/p>\n<\/div>\n<div dir=\"auto\">\n<p><span class=\"html-span xexx8yu xyri2b x18d9i69 x1c1uobl x1hl2dhg x16tdsg8 x1vvkbs x3nfvp2 x1j61x8r x1fcty0u xdj266r xat24cr xm2jcoa x1mpyi22 xxymvpz xlup9mm x1kky2od\"><img loading=\"lazy\" decoding=\"async\" class=\"xz74otr x15mokao x1ga7v0g x16uus16 xbiv7yw\" src=\"https:\/\/static.xx.fbcdn.net\/images\/emoji.php\/v9\/t8c\/1\/16\/1f4bb.png\" alt=\"\ud83d\udcbb\" width=\"16\" height=\"16\" \/><\/span> PayPal: Haz tu donativo aqu\u00ed <span class=\"html-span xexx8yu xyri2b x18d9i69 x1c1uobl x1hl2dhg x16tdsg8 x1vvkbs x3nfvp2 x1j61x8r x1fcty0u xdj266r xat24cr xm2jcoa x1mpyi22 xxymvpz xlup9mm x1kky2od\"><img loading=\"lazy\" decoding=\"async\" class=\"xz74otr x15mokao x1ga7v0g x16uus16 xbiv7yw\" src=\"https:\/\/static.xx.fbcdn.net\/images\/emoji.php\/v9\/t51\/1\/16\/1f449.png\" alt=\"\ud83d\udc49\" width=\"16\" height=\"16\" \/><\/span> <span class=\"html-span xdj266r x14z9mp xat24cr x1lziwak xexx8yu xyri2b x18d9i69 x1c1uobl x1hl2dhg x16tdsg8 x1vvkbs\"><a class=\"x1i10hfl xjbqb8w x1ejq31n x18oe1m7 x1sy0etr xstzfhl x972fbf x10w94by x1qhh985 x14e42zd x9f619 x1ypdohk xt0psk2 x3ct3a4 xdj266r x14z9mp xat24cr x1lziwak xexx8yu xyri2b x18d9i69 x1c1uobl x16tdsg8 x1hl2dhg xggy1nq x1a2a7pz xkrqix3 x1sur9pj x1fey0fg x1s688f\" tabindex=\"0\" role=\"link\" href=\"https:\/\/paypal.me\/lasreinasdelbiberon?locale.X=eS_ES&amp;fbclid=IwZXh0bgNhZW0CMTAAYnJpZBEwRVZINGM2SGNkcWNVTk5FenNydGMGYXBwX2lkEDIyMjAzOTE3ODgyMDA4OTIIY2FsbHNpdGUBMgABHrlmpKbqrTIzuSewaZnChOCbxFqIKB-5xlYdF2hWodeB6lo0pgZaQZvRDxFS_aem_sOWEmHbgtX0byvhT-OGvLw\" target=\"_blank\" rel=\"nofollow noopener noreferrer\">https:\/\/paypal.me\/lasreinasdelbiberon?locale.X=eS_ES<\/a><\/span><\/p>\n<\/div>\n<div dir=\"auto\"><span class=\"html-span xexx8yu xyri2b x18d9i69 x1c1uobl x1hl2dhg x16tdsg8 x1vvkbs x3nfvp2 x1j61x8r x1fcty0u xdj266r xat24cr xm2jcoa x1mpyi22 xxymvpz xlup9mm x1kky2od\"><img loading=\"lazy\" decoding=\"async\" class=\"xz74otr x15mokao x1ga7v0g x16uus16 xbiv7yw\" src=\"https:\/\/static.xx.fbcdn.net\/images\/emoji.php\/v9\/tde\/1\/16\/1f43e.png\" alt=\"\ud83d\udc3e\" width=\"16\" height=\"16\" \/><\/span> Eventos: \u00a1Participa en los eventos que organizamos en nuestro local!<\/div>\n<div dir=\"auto\">\n<p><span class=\"html-span xexx8yu xyri2b x18d9i69 x1c1uobl x1hl2dhg x16tdsg8 x1vvkbs x3nfvp2 x1j61x8r x1fcty0u xdj266r xat24cr xm2jcoa x1mpyi22 xxymvpz xlup9mm x1kky2od\"><img loading=\"lazy\" decoding=\"async\" class=\"xz74otr x15mokao x1ga7v0g x16uus16 xbiv7yw\" src=\"https:\/\/static.xx.fbcdn.net\/images\/emoji.php\/v9\/t96\/1\/16\/1f49c.png\" alt=\"\ud83d\udc9c\" width=\"16\" height=\"16\" \/><\/span> Hazte socio o guardi\u00e1n: Colabora mensualmente con nosotras a partir de 5\u20ac <span class=\"html-span xexx8yu xyri2b x18d9i69 x1c1uobl x1hl2dhg x16tdsg8 x1vvkbs x3nfvp2 x1j61x8r x1fcty0u xdj266r xat24cr xm2jcoa x1mpyi22 xxymvpz xlup9mm x1kky2od\"><img loading=\"lazy\" decoding=\"async\" class=\"xz74otr x15mokao x1ga7v0g x16uus16 xbiv7yw\" src=\"https:\/\/static.xx.fbcdn.net\/images\/emoji.php\/v9\/t51\/1\/16\/1f449.png\" alt=\"\ud83d\udc49\" width=\"16\" height=\"16\" \/><\/span> Socio <span class=\"html-span xdj266r x14z9mp xat24cr x1lziwak xexx8yu xyri2b x18d9i69 x1c1uobl x1hl2dhg x16tdsg8 x1vvkbs\"><a class=\"x1i10hfl xjbqb8w x1ejq31n x18oe1m7 x1sy0etr xstzfhl x972fbf x10w94by x1qhh985 x14e42zd x9f619 x1ypdohk xt0psk2 x3ct3a4 xdj266r x14z9mp xat24cr x1lziwak xexx8yu xyri2b x18d9i69 x1c1uobl x16tdsg8 x1hl2dhg xggy1nq x1a2a7pz xkrqix3 x1sur9pj x1fey0fg x1s688f\" tabindex=\"0\" role=\"link\" href=\"https:\/\/p.berrly.com\/reinas\/subscriptions\/socios?fbclid=IwZXh0bgNhZW0CMTAAYnJpZBEwRVZINGM2SGNkcWNVTk5FenNydGMGYXBwX2lkEDIyMjAzOTE3ODgyMDA4OTIIY2FsbHNpdGUBMgABHu2SfPA7MyDRW9ecWFCaupiEnjc--THd8WCj5OTERKXoyHdPUqr7-lYD1qqC_aem_KzYOkAeIb31aP7E9OklC_A\" target=\"_blank\" rel=\"nofollow noopener noreferrer\">https:\/\/p.berrly.com\/reinas\/subscriptions\/socios \u00a0<\/a><\/span>y Guardi\u00e1n <span class=\"html-span xdj266r x14z9mp xat24cr x1lziwak xexx8yu xyri2b x18d9i69 x1c1uobl x1hl2dhg x16tdsg8 x1vvkbs\"><a class=\"x1i10hfl xjbqb8w x1ejq31n x18oe1m7 x1sy0etr xstzfhl x972fbf x10w94by x1qhh985 x14e42zd x9f619 x1ypdohk xt0psk2 x3ct3a4 xdj266r x14z9mp xat24cr x1lziwak xexx8yu xyri2b x18d9i69 x1c1uobl x16tdsg8 x1hl2dhg xggy1nq x1a2a7pz xkrqix3 x1sur9pj x1fey0fg x1s688f\" tabindex=\"0\" role=\"link\" href=\"https:\/\/p.berrly.com\/reinas\/subscriptions\/guardianes?fbclid=IwZXh0bgNhZW0CMTAAYnJpZBEwRVZINGM2SGNkcWNVTk5FenNydGMGYXBwX2lkEDIyMjAzOTE3ODgyMDA4OTIIY2FsbHNpdGUBMgABHvd14_e6daKhatQladeALXG12ftE90h068lmkxczUhR52buvuWL__mA5c_k-_aem_CHCJ9F4pzRrEFsGrat76eg\" target=\"_blank\" rel=\"nofollow noopener noreferrer\">https:\/\/p.berrly.com\/reinas\/subscriptions\/guardianes<\/a><\/span><\/p>\n<div>\n<div id=\"0DE9E47C-871A-4F90-8440-B190C216800A_5\" class=\"mcafee_green\" tabindex=\"0\"><\/div>\n<\/div>\n<\/div>\n<\/div>\n","protected":false},"excerpt":{"rendered":"<div class=\"xdj266r x14z9mp xat24cr x1lziwak x1vvkbs x126k92a\">\n<div dir=\"auto\">\n<blockquote><p>Cookie naci\u00f3, al igual que sus hermanos, bajo el cuidado de una mam\u00e1 luchadora que fue rescatada de la calle junto a toda su camada. Gracias a ese acto de amor, Cookie pudo empezar su vida a salvo, aunque al principio todo era nuevo y un poco abrumador para ella.<\/p>\n<p>Desde el primer momento qued\u00f3 claro que Cookie ten\u00eda algo especial. La m\u00e1s peque\u00f1a de la camada, s\u00ed, pero tambi\u00e9n una de las m\u00e1s vivas y curiosas. Al llegar a la casa de acogida, pas\u00f3 del miedo inicial a convertirse en un aut\u00e9ntico torbellino de energ\u00eda, siempre con ganas de descubrir, jugar y llamar la atenci\u00f3n con su simpat\u00eda.<\/p>\n<p>Cookie es pura alegr\u00eda: juguetona, divertida y muy expresiva. A pesar de su energ\u00eda inagotable, es una cachorra extremadamente buena y cari\u00f1osa, que disfruta tanto de correr y explorar como de acurrucarse cuando llega la calma. Tiene ese equilibrio precioso entre travesura y ternura que enamora sin remedio.<\/p>\n<p>Ahora Cookie busca una familia activa y amorosa, dispuesta a compartir juegos, aprendizaje y aventuras, pero tambi\u00e9n momentos de sof\u00e1 y cari\u00f1o. Ella est\u00e1 lista para crecer rodeada de amor y convertirse en una compa\u00f1era fiel y adorable para toda la vida \ud83d\udc3e\ud83d\udc96.<\/p><\/blockquote>\n<\/div>\n<\/div>\n","protected":false},"featured_media":9318,"template":"","meta":{"_acf_changed":false,"give_campaign_id":0,"_et_pb_use_builder":"","_et_pb_old_content":"","_et_gb_content_width":"","_price":"","_stock":"","_tribe_ticket_header":"","_tribe_default_ticket_provider":"","_ticket_start_date":"","_ticket_end_date":"","_tribe_ticket_show_description":"","_tribe_ticket_show_not_going":false,"_tribe_ticket_use_global_stock":"","_tribe_ticket_global_stock_level":"","_global_stock_mode":"","_global_stock_cap":"","_tribe_rsvp_for_event":"","_tribe_ticket_going_count":"","_tribe_ticket_not_going_count":"","_tribe_tickets_list":"[]","_tribe_ticket_has_attendee_info_fields":false,"_joinchat":[],"_tec_slr_enabled":"","_tec_slr_layout":""},"product_brand":[],"product_cat":[99,20],"product_tag":[],"class_list":{"0":"post-9317","1":"product","2":"type-product","3":"status-publish","4":"has-post-thumbnail","6":"product_cat-peludos","7":"product_cat-individuo","8":"post","10":"first","11":"outofstock","12":"shipping-taxable","13":"product-type-simple"},"acf":[],"_links":{"self":[{"href":"https:\/\/www.lasreinasdelbiberon.org\/val\/wp-json\/wp\/v2\/product\/9317","targetHints":{"allow":["GET"]}}],"collection":[{"href":"https:\/\/www.lasreinasdelbiberon.org\/val\/wp-json\/wp\/v2\/product"}],"about":[{"href":"https:\/\/www.lasreinasdelbiberon.org\/val\/wp-json\/wp\/v2\/types\/product"}],"wp:featuredmedia":[{"embeddable":true,"href":"https:\/\/www.lasreinasdelbiberon.org\/val\/wp-json\/wp\/v2\/media\/9318"}],"wp:attachment":[{"href":"https:\/\/www.lasreinasdelbiberon.org\/val\/wp-json\/wp\/v2\/media?parent=9317"}],"wp:term":[{"taxonomy":"product_brand","embeddable":true,"href":"https:\/\/www.lasreinasdelbiberon.org\/val\/wp-json\/wp\/v2\/product_brand?post=9317"},{"taxonomy":"product_cat","embeddable":true,"href":"https:\/\/www.lasreinasdelbiberon.org\/val\/wp-json\/wp\/v2\/product_cat?post=9317"},{"taxonomy":"product_tag","embeddable":true,"href":"https:\/\/www.lasreinasdelbiberon.org\/val\/wp-json\/wp\/v2\/product_tag?post=9317"}],"curies":[{"name":"wp","href":"https:\/\/api.w.org\/{rel}","templated":true}]}}