{"id":5974,"date":"2025-09-25T15:01:01","date_gmt":"2025-09-25T13:01:01","guid":{"rendered":"https:\/\/www.lasreinasdelbiberon.org\/?post_type=product&#038;p=5974"},"modified":"2025-10-22T10:54:28","modified_gmt":"2025-10-22T08:54:28","slug":"ra","status":"publish","type":"product","link":"https:\/\/www.lasreinasdelbiberon.org\/val\/producto\/ra\/","title":{"rendered":"RA"},"content":{"rendered":"<p>\u2728 Camada Nilo busca un hogar \ud83d\udc36<br \/>\nHISTORIA:<br \/>\nLa mam\u00e1 de estos seis cachorros es una mastina que debido a una grave mastitis no pod\u00eda seguir aliment\u00e1ndolos. Una protectora de Murcia nos pidi\u00f3 ayuda y con apenas un mes llegaron estos cachorros a nosotros \ud83d\udc15 Ahora mismo se encuentran creciendo cada d\u00eda en sus casas de acogida donde los miman mucho \u2764\ufe0f. Ser\u00e1n tama\u00f1o grande, son mestizos de mast\u00edn y ya est\u00e1n listos para ser adoptados! \ud83c\udfe1<\/p>\n<p>TAMA\u00d1O:<br \/>\nPensamos que ser\u00e1n grandes (30-60 kg).<br \/>\nEDAD\/APROX:<br \/>\nNacidos el 18\/08\/2025.<br \/>\n\ud83d\udccd Est\u00e1n en Alicante<br \/>\nSolo recogida, no enviamos por su corta edad.<br \/>\nSe entregan con primera vacuna, chip, desparasitaci\u00f3n interna y externa. \u00a1Podr\u00e1n unirse a tu familia a partir de los dos meses! \ud83d\udc15\ud83d\udc89<\/p>\n","protected":false},"excerpt":{"rendered":"<div class=\"xdj266r x14z9mp xat24cr x1lziwak x1vvkbs x126k92a\">\n<div dir=\"auto\">\n<p>\u2728 Camada Nilo busca un hogar \ud83d\udc36<br \/>\nHISTORIA:<br \/>\nLa mam\u00e1 de estos seis cachorros es una mastina que debido a una grave mastitis no pod\u00eda seguir aliment\u00e1ndolos. Una protectora de Murcia nos pidi\u00f3 ayuda y con apenas un mes llegaron estos cachorros a nosotros \ud83d\udc15 Ahora mismo se encuentran creciendo cada d\u00eda en sus casas de acogida donde los miman mucho \u2764\ufe0f. Ser\u00e1n tama\u00f1o grande, son mestizos de mast\u00edn y ya est\u00e1n listos para ser adoptados! \ud83c\udfe1<\/p>\n<p>TAMA\u00d1O:<br \/>\nPensamos que ser\u00e1n grandes (30-60 kg).<br \/>\nEDAD\/APROX:<br \/>\nNacidos el 18\/08\/2025.<br \/>\n\ud83d\udccd Est\u00e1n en Alicante<br \/>\nSolo recogida, no enviamos por su corta edad.<br \/>\nSe entregan con primera vacuna, chip, desparasitaci\u00f3n interna y externa. \u00a1Podr\u00e1n unirse a tu familia a partir de los dos meses! \ud83d\udc15\ud83d\udc89<\/p>\n<\/div>\n<\/div>\n","protected":false},"featured_media":5963,"template":"","meta":{"_acf_changed":false,"give_campaign_id":0,"_et_pb_use_builder":"","_et_pb_old_content":"","_et_gb_content_width":"","_price":"","_stock":"","_tribe_ticket_header":"","_tribe_default_ticket_provider":"","_ticket_start_date":"","_ticket_end_date":"","_tribe_ticket_show_description":"","_tribe_ticket_show_not_going":false,"_tribe_ticket_use_global_stock":"","_tribe_ticket_global_stock_level":"","_global_stock_mode":"","_global_stock_cap":"","_tribe_rsvp_for_event":"","_tribe_ticket_going_count":"","_tribe_ticket_not_going_count":"","_tribe_tickets_list":"[]","_tribe_ticket_has_attendee_info_fields":false,"_joinchat":[],"_tec_slr_enabled":"","_tec_slr_layout":""},"product_brand":[],"product_cat":[99,20],"product_tag":[],"class_list":{"0":"post-5974","1":"product","2":"type-product","3":"status-publish","4":"has-post-thumbnail","6":"product_cat-peludos","7":"product_cat-individuo","8":"post","10":"first","11":"outofstock","12":"shipping-taxable","13":"product-type-simple"},"acf":[],"_links":{"self":[{"href":"https:\/\/www.lasreinasdelbiberon.org\/val\/wp-json\/wp\/v2\/product\/5974","targetHints":{"allow":["GET"]}}],"collection":[{"href":"https:\/\/www.lasreinasdelbiberon.org\/val\/wp-json\/wp\/v2\/product"}],"about":[{"href":"https:\/\/www.lasreinasdelbiberon.org\/val\/wp-json\/wp\/v2\/types\/product"}],"wp:featuredmedia":[{"embeddable":true,"href":"https:\/\/www.lasreinasdelbiberon.org\/val\/wp-json\/wp\/v2\/media\/5963"}],"wp:attachment":[{"href":"https:\/\/www.lasreinasdelbiberon.org\/val\/wp-json\/wp\/v2\/media?parent=5974"}],"wp:term":[{"taxonomy":"product_brand","embeddable":true,"href":"https:\/\/www.lasreinasdelbiberon.org\/val\/wp-json\/wp\/v2\/product_brand?post=5974"},{"taxonomy":"product_cat","embeddable":true,"href":"https:\/\/www.lasreinasdelbiberon.org\/val\/wp-json\/wp\/v2\/product_cat?post=5974"},{"taxonomy":"product_tag","embeddable":true,"href":"https:\/\/www.lasreinasdelbiberon.org\/val\/wp-json\/wp\/v2\/product_tag?post=5974"}],"curies":[{"name":"wp","href":"https:\/\/api.w.org\/{rel}","templated":true}]}}