{"id":5884,"date":"2025-09-21T21:56:39","date_gmt":"2025-09-21T19:56:39","guid":{"rendered":"https:\/\/www.lasreinasdelbiberon.org\/?post_type=product&#038;p=5884"},"modified":"2025-09-21T21:58:41","modified_gmt":"2025-09-21T19:58:41","slug":"yoda","status":"publish","type":"product","link":"https:\/\/www.lasreinasdelbiberon.org\/val\/producto\/yoda\/","title":{"rendered":"YODA"},"content":{"rendered":"<p>\u2728 Yoda busca un hogar \ud83d\udc36<br \/>\nHISTORIA:<\/p>\n<p>Yoda fue encontrada sola en una zona de campo, sin chip y sin que nadie la reclamara. Una cl\u00ednica veterinaria se hizo cargo de ella y nos pidi\u00f3 ayuda para buscarle una adopci\u00f3n responsable. Pensamos que tiene unos tres meses y es una cachorra lista (sabe hacer pip\u00ed en el empapador) muy activa y con mucha energ\u00eda. Ella es feliz en compa\u00f1\u00eda de otro compa\u00f1ero de juegos, ahora vive con un perro y un gato, con los que juega sin parar \ud83d\udc15\ud83d\ude38Por eso, es imprescindible que su nueva familia tenga otro peludito que pueda jugar con ella \ud83c\udfe1\ud83d\udc96. Si tienes otro perrito o gato y crees que puedes darle un hogar a Yoda, ponte en contacto con nosotros.<\/p>\n","protected":false},"excerpt":{"rendered":"<div class=\"xdj266r x14z9mp xat24cr x1lziwak x1vvkbs x126k92a\">\n<div dir=\"auto\">\n<p>\u2728 Yoda busca un hogar \ud83d\udc36<br \/>\nHISTORIA:<\/p>\n<p>Yoda fue encontrada sola en una zona de campo, sin chip y sin que nadie la reclamara. Una cl\u00ednica veterinaria se hizo cargo de ella y nos pidi\u00f3 ayuda para buscarle una adopci\u00f3n responsable. Pensamos que tiene unos tres meses y es una cachorra lista (sabe hacer pip\u00ed en el empapador) muy activa y con mucha energ\u00eda. Ella es feliz en compa\u00f1\u00eda de otro compa\u00f1ero de juegos, ahora vive con un perro y un gato, con los que juega sin parar \ud83d\udc15\ud83d\ude38Por eso, es imprescindible que su nueva familia tenga otro peludito que pueda jugar con ella \ud83c\udfe1\ud83d\udc96. Si tienes otro perrito o gato y crees que puedes darle un hogar a Yoda, ponte en contacto con nosotros.<\/p>\n<p><img loading=\"lazy\" decoding=\"async\" class=\"xz74otr x15mokao x1ga7v0g x16uus16 xbiv7yw\" src=\"https:\/\/static.xx.fbcdn.net\/images\/emoji.php\/v9\/t6c\/1\/16\/2764.png\" alt=\"\u2764\ufe0f\" width=\"16\" height=\"16\" \/><\/p>\n<\/div>\n<\/div>\n","protected":false},"featured_media":5885,"template":"","meta":{"_acf_changed":false,"give_campaign_id":0,"_et_pb_use_builder":"","_et_pb_old_content":"","_et_gb_content_width":"","_price":"","_stock":"","_tribe_ticket_header":"","_tribe_default_ticket_provider":"","_ticket_start_date":"","_ticket_end_date":"","_tribe_ticket_show_description":"","_tribe_ticket_show_not_going":false,"_tribe_ticket_use_global_stock":"","_tribe_ticket_global_stock_level":"","_global_stock_mode":"","_global_stock_cap":"","_tribe_rsvp_for_event":"","_tribe_ticket_going_count":"","_tribe_ticket_not_going_count":"","_tribe_tickets_list":"[]","_tribe_ticket_has_attendee_info_fields":false,"_joinchat":[],"_tec_slr_enabled":"","_tec_slr_layout":""},"product_brand":[],"product_cat":[99,20],"product_tag":[],"class_list":{"0":"post-5884","1":"product","2":"type-product","3":"status-publish","4":"has-post-thumbnail","6":"product_cat-peludos","7":"product_cat-individuo","8":"post","10":"first","11":"outofstock","12":"shipping-taxable","13":"product-type-simple"},"acf":[],"_links":{"self":[{"href":"https:\/\/www.lasreinasdelbiberon.org\/val\/wp-json\/wp\/v2\/product\/5884","targetHints":{"allow":["GET"]}}],"collection":[{"href":"https:\/\/www.lasreinasdelbiberon.org\/val\/wp-json\/wp\/v2\/product"}],"about":[{"href":"https:\/\/www.lasreinasdelbiberon.org\/val\/wp-json\/wp\/v2\/types\/product"}],"wp:featuredmedia":[{"embeddable":true,"href":"https:\/\/www.lasreinasdelbiberon.org\/val\/wp-json\/wp\/v2\/media\/5885"}],"wp:attachment":[{"href":"https:\/\/www.lasreinasdelbiberon.org\/val\/wp-json\/wp\/v2\/media?parent=5884"}],"wp:term":[{"taxonomy":"product_brand","embeddable":true,"href":"https:\/\/www.lasreinasdelbiberon.org\/val\/wp-json\/wp\/v2\/product_brand?post=5884"},{"taxonomy":"product_cat","embeddable":true,"href":"https:\/\/www.lasreinasdelbiberon.org\/val\/wp-json\/wp\/v2\/product_cat?post=5884"},{"taxonomy":"product_tag","embeddable":true,"href":"https:\/\/www.lasreinasdelbiberon.org\/val\/wp-json\/wp\/v2\/product_tag?post=5884"}],"curies":[{"name":"wp","href":"https:\/\/api.w.org\/{rel}","templated":true}]}}