{"id":5569,"date":"2025-08-25T11:44:41","date_gmt":"2025-08-25T09:44:41","guid":{"rendered":"https:\/\/www.lasreinasdelbiberon.org\/?post_type=product&#038;p=5569"},"modified":"2025-09-29T10:09:17","modified_gmt":"2025-09-29T08:09:17","slug":"trueno","status":"publish","type":"product","link":"https:\/\/www.lasreinasdelbiberon.org\/val\/producto\/trueno\/","title":{"rendered":"TRUENO"},"content":{"rendered":"<p data-start=\"85\" data-end=\"126\">\u2728 <strong data-start=\"87\" data-end=\"119\">Camada Reto\u00f1o busca un hogar<\/strong> \ud83d\udc36\ud83c\udf31<\/p>\n<p data-start=\"128\" data-end=\"588\"><strong data-start=\"128\" data-end=\"141\">HISTORIA:<\/strong><br data-start=\"141\" data-end=\"144\" \/>Estos cinco peque\u00f1os son el claro ejemplo de lo importante que es la <strong data-start=\"213\" data-end=\"231\">esterilizaci\u00f3n<\/strong>. Nacieron fruto de una camada indeseada porque su mam\u00e1, una perrita de tama\u00f1o mediano de 16 kilos, no estaba esterilizada. La familia, consciente de que no pod\u00edan hacerse cargo de ellos, nos pidi\u00f3 ayuda en cuanto los cachorros empezaron a comer solitos, para poder ofrecerles la oportunidad de encontrar un hogar donde crecer rodeados de amor y cuidados.<\/p>\n<p data-start=\"590\" data-end=\"1066\">Desde entonces, los hemos visto evolucionar d\u00eda a d\u00eda. Pasaron de ser unos beb\u00e9s indefensos a convertirse en aut\u00e9nticos terremotos llenos de vitalidad. Cada uno tiene su propia personalidad: hay quien no se cansa de jugar, quien busca caricias todo el tiempo o quien se sienta tranquilo observando a sus hermanos antes de unirse a la diversi\u00f3n. Todos ellos son muy <strong data-start=\"955\" data-end=\"992\">cari\u00f1osos, juguetones y sociables<\/strong>, y est\u00e1n deseando compartir su alegr\u00eda con una familia definitiva. \u2764\ufe0f\ud83d\udc3e<\/p>\n<p data-start=\"1068\" data-end=\"1408\">El pap\u00e1 no lo conocemos, por lo que no podemos asegurar su tama\u00f1o final, aunque creemos que ser\u00e1n <strong data-start=\"1166\" data-end=\"1178\">medianos<\/strong>, como la mam\u00e1. Lo que s\u00ed sabemos es que, m\u00e1s all\u00e1 de cu\u00e1nto crezcan, estos cachorros necesitan una <strong data-start=\"1278\" data-end=\"1316\">familia responsable y comprometida<\/strong>, que entienda que adoptar es un acto de amor para toda la vida, no una decisi\u00f3n pasajera.<\/p>\n<p data-start=\"1410\" data-end=\"1743\">La <strong data-start=\"1413\" data-end=\"1430\">Camada Reto\u00f1o<\/strong> ya est\u00e1 lista para dar el gran paso: dejar atr\u00e1s la incertidumbre de su origen y comenzar una nueva etapa en un hogar definitivo, donde puedan ser parte de la familia, recibir educaci\u00f3n, cari\u00f1o y todos los cuidados que merecen. Su historia empez\u00f3 sin ser planeada, pero t\u00fa puedes darle el mejor de los futuros.<\/p>\n<p data-start=\"1745\" data-end=\"1879\">Adoptar es <strong data-start=\"1756\" data-end=\"1776\">cambiar una vida<\/strong>, y ellos esperan con ilusi\u00f3n que alguien les d\u00e9 la oportunidad de florecer en su propia familia \ud83c\udf38\u2728.<\/p>\n","protected":false},"excerpt":{"rendered":"<div class=\"xdj266r x14z9mp xat24cr x1lziwak x1vvkbs x126k92a\">\n<div dir=\"auto\"><span class=\"html-span xexx8yu xyri2b x18d9i69 x1c1uobl x1hl2dhg x16tdsg8 x1vvkbs x3nfvp2 x1j61x8r x1fcty0u xdj266r xat24cr xm2jcoa x1mpyi22 xxymvpz xlup9mm x1kky2od\"><img loading=\"lazy\" decoding=\"async\" class=\"xz74otr x15mokao x1ga7v0g x16uus16 xbiv7yw\" src=\"https:\/\/static.xx.fbcdn.net\/images\/emoji.php\/v9\/tf4\/1\/16\/2728.png\" alt=\"\u2728\" width=\"16\" height=\"16\" \/>Camada Reto\u00f1o busca un hogar <span class=\"html-span xexx8yu xyri2b x18d9i69 x1c1uobl x1hl2dhg x16tdsg8 x1vvkbs x3nfvp2 x1j61x8r x1fcty0u xdj266r xat24cr xm2jcoa x1mpyi22 xxymvpz xlup9mm x1kky2od\"><img loading=\"lazy\" decoding=\"async\" class=\"xz74otr x15mokao x1ga7v0g x16uus16 xbiv7yw\" src=\"https:\/\/static.xx.fbcdn.net\/images\/emoji.php\/v9\/t2f\/1\/16\/1f436.png\" alt=\"\ud83d\udc36\" width=\"16\" height=\"16\" \/><\/span><\/span><\/p>\n<div class=\"xdj266r x14z9mp xat24cr x1lziwak x1vvkbs x126k92a\">\n<div dir=\"auto\">HISTORIA:<\/div>\n<\/div>\n<div class=\"x14z9mp xat24cr x1lziwak x1vvkbs xtlvy1s x126k92a\">\n<div dir=\"auto\">Estos 5 cachorros son fruto de una camada indeseada al no tener a la mam\u00e1 esterilizada. La familia nos pidi\u00f3 ayuda para poder buscar una adopci\u00f3n responsable para ellos una vez ya comieran solitos <span class=\"html-span xexx8yu xyri2b x18d9i69 x1c1uobl x1hl2dhg x16tdsg8 x1vvkbs x3nfvp2 x1j61x8r x1fcty0u xdj266r xat24cr xm2jcoa x1mpyi22 xxymvpz xlup9mm x1kky2od\"><img loading=\"lazy\" decoding=\"async\" class=\"xz74otr x15mokao x1ga7v0g x16uus16 xbiv7yw\" src=\"https:\/\/static.xx.fbcdn.net\/images\/emoji.php\/v9\/t2f\/1\/16\/1f436.png\" alt=\"\ud83d\udc36\" width=\"16\" height=\"16\" \/><\/span>. Son unos cachorros muy juguetones y cari\u00f1osos y ya est\u00e1n listos para ser adoptados <span class=\"html-span xexx8yu xyri2b x18d9i69 x1c1uobl x1hl2dhg x16tdsg8 x1vvkbs x3nfvp2 x1j61x8r x1fcty0u xdj266r xat24cr xm2jcoa x1mpyi22 xxymvpz xlup9mm x1kky2od\"><img loading=\"lazy\" decoding=\"async\" class=\"xz74otr x15mokao x1ga7v0g x16uus16 xbiv7yw\" src=\"https:\/\/static.xx.fbcdn.net\/images\/emoji.php\/v9\/t6c\/1\/16\/2764.png\" alt=\"\u2764\ufe0f\" width=\"16\" height=\"16\" \/><\/span>. La mam\u00e1 es mediana, pesa 16 kilos, pero el pap\u00e1 no lo conocemos. Creemos que ser\u00e1n medianos.<\/div>\n<\/div>\n<p><img loading=\"lazy\" decoding=\"async\" class=\"xz74otr x15mokao x1ga7v0g x16uus16 xbiv7yw\" src=\"https:\/\/static.xx.fbcdn.net\/images\/emoji.php\/v9\/t6c\/1\/16\/2764.png\" alt=\"\u2764\ufe0f\" width=\"16\" height=\"16\" \/><\/div>\n<\/div>\n","protected":false},"featured_media":5572,"template":"","meta":{"_acf_changed":false,"give_campaign_id":0,"_et_pb_use_builder":"","_et_pb_old_content":"","_et_gb_content_width":"","_price":"","_stock":"","_tribe_ticket_header":"","_tribe_default_ticket_provider":"","_ticket_start_date":"","_ticket_end_date":"","_tribe_ticket_show_description":"","_tribe_ticket_show_not_going":false,"_tribe_ticket_use_global_stock":"","_tribe_ticket_global_stock_level":"","_global_stock_mode":"","_global_stock_cap":"","_tribe_rsvp_for_event":"","_tribe_ticket_going_count":"","_tribe_ticket_not_going_count":"","_tribe_tickets_list":"[]","_tribe_ticket_has_attendee_info_fields":false,"_joinchat":[],"_tec_slr_enabled":"","_tec_slr_layout":""},"product_brand":[],"product_cat":[99,20],"product_tag":[],"class_list":{"0":"post-5569","1":"product","2":"type-product","3":"status-publish","4":"has-post-thumbnail","6":"product_cat-peludos","7":"product_cat-individuo","8":"post","10":"first","11":"outofstock","12":"shipping-taxable","13":"product-type-simple"},"acf":[],"_links":{"self":[{"href":"https:\/\/www.lasreinasdelbiberon.org\/val\/wp-json\/wp\/v2\/product\/5569","targetHints":{"allow":["GET"]}}],"collection":[{"href":"https:\/\/www.lasreinasdelbiberon.org\/val\/wp-json\/wp\/v2\/product"}],"about":[{"href":"https:\/\/www.lasreinasdelbiberon.org\/val\/wp-json\/wp\/v2\/types\/product"}],"wp:featuredmedia":[{"embeddable":true,"href":"https:\/\/www.lasreinasdelbiberon.org\/val\/wp-json\/wp\/v2\/media\/5572"}],"wp:attachment":[{"href":"https:\/\/www.lasreinasdelbiberon.org\/val\/wp-json\/wp\/v2\/media?parent=5569"}],"wp:term":[{"taxonomy":"product_brand","embeddable":true,"href":"https:\/\/www.lasreinasdelbiberon.org\/val\/wp-json\/wp\/v2\/product_brand?post=5569"},{"taxonomy":"product_cat","embeddable":true,"href":"https:\/\/www.lasreinasdelbiberon.org\/val\/wp-json\/wp\/v2\/product_cat?post=5569"},{"taxonomy":"product_tag","embeddable":true,"href":"https:\/\/www.lasreinasdelbiberon.org\/val\/wp-json\/wp\/v2\/product_tag?post=5569"}],"curies":[{"name":"wp","href":"https:\/\/api.w.org\/{rel}","templated":true}]}}