{"id":5367,"date":"2025-07-21T12:11:29","date_gmt":"2025-07-21T10:11:29","guid":{"rendered":"https:\/\/www.lasreinasdelbiberon.org\/?post_type=product&#038;p=5367"},"modified":"2025-10-22T09:38:21","modified_gmt":"2025-10-22T07:38:21","slug":"bono","status":"publish","type":"product","link":"https:\/\/www.lasreinasdelbiberon.org\/val\/producto\/bono\/","title":{"rendered":"BONO"},"content":{"rendered":"<ol>\n<li>\u2728 Camada \u00c1guilas busca un hogar \ud83d\udc36<\/li>\n<\/ol>\n<p>HISTORIA:<\/p>\n<p>Rolo, Simon y Bono son tres perritos rescatados de una vivienda donde conviv\u00edan con 20 perros en condiciones muy lamentables, sin cuidados m\u00e9dicos y en una situaci\u00f3n de crianza sin control \ud83d\ude22 Llegaron sin saber qu\u00e9 era una caricia o un paseo por la calle, pasaron muchos d\u00edas temblando sin querer salir del transport\u00edn, con la boca en muy mal estado y anemia\ud83d\udc94 Ahora se encuentran en perfecto estado de salud, les hemos tenido que quitar todos los dientes y tambi\u00e9n los hemos castrado. Gracias a sus casas de acogida, est\u00e1n confiando cada vez m\u00e1s en las personas, aprendiendo a salir a la calle por primera vez y a disfrutar de una caricia \ud83e\udd70\ud83d\udc36. Tienen entre 8 y 10 a\u00f1os, son muy tranquilos y tienen mucho amor para dar. Queremos que conozcan el amor de una familia \u2764\ufe0f\ud83c\udfd8.<\/p>\n","protected":false},"excerpt":{"rendered":"<p>\u2728 Camada \u00c1guilas busca un hogar \ud83d\udc36<\/p>\n<p>HISTORIA:<\/p>\n<p>Rolo, Simon y Bono son tres perritos rescatados de una vivienda donde conviv\u00edan con 20 perros en condiciones muy lamentables, sin cuidados m\u00e9dicos y en una situaci\u00f3n de crianza sin control \ud83d\ude22 Llegaron sin saber qu\u00e9 era una caricia o un paseo por la calle, pasaron muchos d\u00edas temblando sin querer salir del transport\u00edn, con la boca en muy mal estado y anemia\ud83d\udc94 Ahora se encuentran en perfecto estado de salud, les hemos tenido que quitar todos los dientes y tambi\u00e9n los hemos castrado. Gracias a sus casas de acogida, est\u00e1n confiando cada vez m\u00e1s en las personas, aprendiendo a salir a la calle por primera vez y a disfrutar de una caricia \ud83e\udd70\ud83d\udc36. Tienen entre 8 y 10 a\u00f1os, son muy tranquilos y tienen mucho amor para dar. Queremos que conozcan el amor de una familia \u2764\ufe0f\ud83c\udfd8.<\/p>\n","protected":false},"featured_media":5364,"template":"","meta":{"_acf_changed":false,"give_campaign_id":0,"_et_pb_use_builder":"","_et_pb_old_content":"","_et_gb_content_width":"","_price":"","_stock":"","_tribe_ticket_header":"","_tribe_default_ticket_provider":"","_ticket_start_date":"","_ticket_end_date":"","_tribe_ticket_show_description":"","_tribe_ticket_show_not_going":false,"_tribe_ticket_use_global_stock":"","_tribe_ticket_global_stock_level":"","_global_stock_mode":"","_global_stock_cap":"","_tribe_rsvp_for_event":"","_tribe_ticket_going_count":"","_tribe_ticket_not_going_count":"","_tribe_tickets_list":"[]","_tribe_ticket_has_attendee_info_fields":false,"_joinchat":[],"_tec_slr_enabled":"","_tec_slr_layout":""},"product_brand":[],"product_cat":[99,20],"product_tag":[],"class_list":{"0":"post-5367","1":"product","2":"type-product","3":"status-publish","4":"has-post-thumbnail","6":"product_cat-peludos","7":"product_cat-individuo","8":"post","10":"first","11":"outofstock","12":"shipping-taxable","13":"product-type-simple"},"acf":[],"_links":{"self":[{"href":"https:\/\/www.lasreinasdelbiberon.org\/val\/wp-json\/wp\/v2\/product\/5367","targetHints":{"allow":["GET"]}}],"collection":[{"href":"https:\/\/www.lasreinasdelbiberon.org\/val\/wp-json\/wp\/v2\/product"}],"about":[{"href":"https:\/\/www.lasreinasdelbiberon.org\/val\/wp-json\/wp\/v2\/types\/product"}],"wp:featuredmedia":[{"embeddable":true,"href":"https:\/\/www.lasreinasdelbiberon.org\/val\/wp-json\/wp\/v2\/media\/5364"}],"wp:attachment":[{"href":"https:\/\/www.lasreinasdelbiberon.org\/val\/wp-json\/wp\/v2\/media?parent=5367"}],"wp:term":[{"taxonomy":"product_brand","embeddable":true,"href":"https:\/\/www.lasreinasdelbiberon.org\/val\/wp-json\/wp\/v2\/product_brand?post=5367"},{"taxonomy":"product_cat","embeddable":true,"href":"https:\/\/www.lasreinasdelbiberon.org\/val\/wp-json\/wp\/v2\/product_cat?post=5367"},{"taxonomy":"product_tag","embeddable":true,"href":"https:\/\/www.lasreinasdelbiberon.org\/val\/wp-json\/wp\/v2\/product_tag?post=5367"}],"curies":[{"name":"wp","href":"https:\/\/api.w.org\/{rel}","templated":true}]}}