{"id":5253,"date":"2025-06-24T15:47:02","date_gmt":"2025-06-24T13:47:02","guid":{"rendered":"https:\/\/www.lasreinasdelbiberon.org\/?post_type=product&#038;p=5253"},"modified":"2025-08-24T09:14:49","modified_gmt":"2025-08-24T07:14:49","slug":"kas","status":"publish","type":"product","link":"https:\/\/www.lasreinasdelbiberon.org\/val\/producto\/kas\/","title":{"rendered":"KAS"},"content":{"rendered":"<p>\u2728 Camada Six busca un hogar lleno de amor \ud83d\udc36\ud83d\udc95<\/p>\n<p>HISTORIA:<\/p>\n<p>Estos seis peque\u00f1os fueron tra\u00eddos al mundo por una perrita que, por desgracia, no estaba esterilizada. La situaci\u00f3n fue fruto de un descuido, pero por suerte, su familia quiso actuar con responsabilidad y nos pidi\u00f3 ayuda para encontrarles un futuro mejor. As\u00ed fue como estos seis hermanitos llegaron a nosotros: confiados, juguetones y con unas ganas inmensas de vivir, explorar y recibir cari\u00f1o.<\/p>\n<p>Su mam\u00e1, a la que tambi\u00e9n pod\u00e9is ver en la foto que adjuntamos, es de tama\u00f1o mediano y de car\u00e1cter noble. Aunque ella ya est\u00e1 a salvo y en proceso de ser esterilizada, ahora toca centrarnos en lo m\u00e1s importante: que cada uno de estos peques encuentre un hogar donde crecer feliz, seguro y acompa\u00f1ado.<\/p>\n<p>Est\u00e1n sanos, activos y llenos de vitalidad, comen con ganas, juegan sin parar y ya empiezan a mostrar sus distintas personalidades: hay alg\u00fan aventurero, otros m\u00e1s tranquilos, algunos s\u00faper mimosos\u2026 pero todos tienen en com\u00fan su ternura y esas miradas que enamoran.<\/p>\n<p>Ser\u00e1n tama\u00f1o mediano de adultos, ideales para todo tipo de familias. \ud83c\udfe1 Buscan un hogar responsable, donde se les cuide para siempre y se les d\u00e9 todo el amor que merecen.<\/p>\n<p>Si est\u00e1s pensando en adoptar, no compres, adopta con coraz\u00f3n. Escr\u00edbenos y conoce a los peques de la Camada Six, \u00a1est\u00e1n deseando encontrar su familia definitiva! \ud83d\udc96\ud83d\udc3e<\/p>\n","protected":false},"excerpt":{"rendered":"<p>\u2728 Camada Six busca un hogar \ud83d\udc36<br \/>\nHISTORIA:<\/p>\n<p>Estos seis hermanitos nacieron fruto de un descuido al no estar la mam\u00e1 esterilizada (adjuntamos foto de ella). La familia nos pidi\u00f3 ayuda para que les busc\u00e1ramos una familia responsable y as\u00ed llegaron a nosotros. Est\u00e1n perfectamente sanos, fuertes, llenos de energ\u00eda para jugar, comer y dar mucho cari\u00f1o. Ser\u00e1n tama\u00f1o mediano y buscan un hogar \ud83c\udfe1\ud83d\udc96<\/p>\n","protected":false},"featured_media":5247,"template":"","meta":{"_acf_changed":false,"give_campaign_id":0,"_et_pb_use_builder":"","_et_pb_old_content":"","_et_gb_content_width":"","_price":"","_stock":"","_tribe_ticket_header":"","_tribe_default_ticket_provider":"","_ticket_start_date":"","_ticket_end_date":"","_tribe_ticket_show_description":"","_tribe_ticket_show_not_going":false,"_tribe_ticket_use_global_stock":"","_tribe_ticket_global_stock_level":"","_global_stock_mode":"","_global_stock_cap":"","_tribe_rsvp_for_event":"","_tribe_ticket_going_count":"","_tribe_ticket_not_going_count":"","_tribe_tickets_list":"[]","_tribe_ticket_has_attendee_info_fields":false,"_joinchat":[],"_tec_slr_enabled":"","_tec_slr_layout":""},"product_brand":[],"product_cat":[99,20],"product_tag":[],"class_list":{"0":"post-5253","1":"product","2":"type-product","3":"status-publish","4":"has-post-thumbnail","6":"product_cat-peludos","7":"product_cat-individuo","8":"post","10":"first","11":"outofstock","12":"shipping-taxable","13":"product-type-simple"},"acf":[],"_links":{"self":[{"href":"https:\/\/www.lasreinasdelbiberon.org\/val\/wp-json\/wp\/v2\/product\/5253","targetHints":{"allow":["GET"]}}],"collection":[{"href":"https:\/\/www.lasreinasdelbiberon.org\/val\/wp-json\/wp\/v2\/product"}],"about":[{"href":"https:\/\/www.lasreinasdelbiberon.org\/val\/wp-json\/wp\/v2\/types\/product"}],"wp:featuredmedia":[{"embeddable":true,"href":"https:\/\/www.lasreinasdelbiberon.org\/val\/wp-json\/wp\/v2\/media\/5247"}],"wp:attachment":[{"href":"https:\/\/www.lasreinasdelbiberon.org\/val\/wp-json\/wp\/v2\/media?parent=5253"}],"wp:term":[{"taxonomy":"product_brand","embeddable":true,"href":"https:\/\/www.lasreinasdelbiberon.org\/val\/wp-json\/wp\/v2\/product_brand?post=5253"},{"taxonomy":"product_cat","embeddable":true,"href":"https:\/\/www.lasreinasdelbiberon.org\/val\/wp-json\/wp\/v2\/product_cat?post=5253"},{"taxonomy":"product_tag","embeddable":true,"href":"https:\/\/www.lasreinasdelbiberon.org\/val\/wp-json\/wp\/v2\/product_tag?post=5253"}],"curies":[{"name":"wp","href":"https:\/\/api.w.org\/{rel}","templated":true}]}}