{"id":5206,"date":"2025-06-09T15:55:57","date_gmt":"2025-06-09T13:55:57","guid":{"rendered":"https:\/\/www.lasreinasdelbiberon.org\/?post_type=product&#038;p=5206"},"modified":"2025-09-29T10:08:47","modified_gmt":"2025-09-29T08:08:47","slug":"valka","status":"publish","type":"product","link":"https:\/\/www.lasreinasdelbiberon.org\/val\/producto\/valka\/","title":{"rendered":"VALKA"},"content":{"rendered":"<p style=\"text-align: left;\">\u2728\ud83d\udc36 Camada Agallas busca un hogar lleno de amor \ud83d\udc36\u2728<\/p>\n<p>HISTORIA:<\/p>\n<p>La historia de estos cinco peque\u00f1os empez\u00f3 de la forma m\u00e1s cruel e injusta que uno pueda imaginar\u2026 Fueron abandonados dentro de una caja de cart\u00f3n, sin protecci\u00f3n, a pleno sol, frente a la puerta de una protectora, cuando apenas ten\u00edan tres semanas de vida \ud83d\ude22\ud83d\udc94. Eran tan solo unos beb\u00e9s indefensos, incapaces de valerse por s\u00ed mismos, y expuestos al calor abrasador sin comida ni agua.<\/p>\n<p>Cuando los recogimos, estaban completamente deshidratados, d\u00e9biles y muertos de hambre. Su situaci\u00f3n era cr\u00edtica y no sab\u00edamos si conseguir\u00edan salir adelante. Pero ah\u00ed fue cuando entraron en acci\u00f3n nuestras maravillosas casas de acogida, aut\u00e9nticos \u00e1ngeles que no dudaron ni un segundo en abrirles las puertas de su hogar y de su coraz\u00f3n \ud83c\udfe0\ud83d\udc9e.<\/p>\n<p>Gracias a los cuidados constantes, a las tomas cada pocas horas y al cari\u00f1o inmenso que han recibido, estos peque\u00f1os han demostrado tener un nombre muy bien puesto: \u00a1son aut\u00e9nticas agallas! \ud83d\udcaa\ud83d\udc3e Poco a poco empezaron a coger peso, a abrir bien los ojos, a mover sus patitas con fuerza y a llenarse de vida. Ahora se han convertido en unos preciosos peluches juguetones, curiosos y llenos de alegr\u00eda.<\/p>\n<p>Creemos que ser\u00e1n de tama\u00f1o mediano de adultos, ya que son mestizos, y est\u00e1n completamente recuperados y listos para comenzar una nueva etapa: la de encontrar un hogar definitivo donde crecer felices y rodeados de amor \ud83c\udfe1\ud83d\udc96<\/p>\n","protected":false},"excerpt":{"rendered":"<p>\u2728 Camada Agallas busca un hogar \ud83d\udc36<br \/>\nHISTORIA:<\/p>\n<p>La historia de estos cinco cachorros empez\u00f3 de la peor manera posible, abandonados en una caja a pleno sol en la puerta de una protectora con apenas tres semanas \ud83d\ude22\ud83d\udc94. Llegaron a nosotros deshidratados y con mucha hambre, pero despu\u00e9s de unos d\u00edas en sus maravillosas casas de acogida empezaron a coger peso y a convertirse en estos preciosos peluches.<br \/>\nPensamos que ser\u00e1n medianos y est\u00e1n listos para ser<br \/>\nadoptados! \ud83c\udfe1\ud83d\udc96<\/p>\n","protected":false},"featured_media":5197,"template":"","meta":{"_acf_changed":false,"give_campaign_id":0,"_et_pb_use_builder":"","_et_pb_old_content":"","_et_gb_content_width":"","_price":"","_stock":"","_tribe_ticket_header":"","_tribe_default_ticket_provider":"","_ticket_start_date":"","_ticket_end_date":"","_tribe_ticket_show_description":"","_tribe_ticket_show_not_going":false,"_tribe_ticket_use_global_stock":"","_tribe_ticket_global_stock_level":"","_global_stock_mode":"","_global_stock_cap":"","_tribe_rsvp_for_event":"","_tribe_ticket_going_count":"","_tribe_ticket_not_going_count":"","_tribe_tickets_list":"[]","_tribe_ticket_has_attendee_info_fields":false,"_joinchat":[],"_tec_slr_enabled":"","_tec_slr_layout":""},"product_brand":[],"product_cat":[99,20],"product_tag":[],"class_list":{"0":"post-5206","1":"product","2":"type-product","3":"status-publish","4":"has-post-thumbnail","6":"product_cat-peludos","7":"product_cat-individuo","8":"post","10":"first","11":"outofstock","12":"shipping-taxable","13":"product-type-simple"},"acf":[],"_links":{"self":[{"href":"https:\/\/www.lasreinasdelbiberon.org\/val\/wp-json\/wp\/v2\/product\/5206","targetHints":{"allow":["GET"]}}],"collection":[{"href":"https:\/\/www.lasreinasdelbiberon.org\/val\/wp-json\/wp\/v2\/product"}],"about":[{"href":"https:\/\/www.lasreinasdelbiberon.org\/val\/wp-json\/wp\/v2\/types\/product"}],"wp:featuredmedia":[{"embeddable":true,"href":"https:\/\/www.lasreinasdelbiberon.org\/val\/wp-json\/wp\/v2\/media\/5197"}],"wp:attachment":[{"href":"https:\/\/www.lasreinasdelbiberon.org\/val\/wp-json\/wp\/v2\/media?parent=5206"}],"wp:term":[{"taxonomy":"product_brand","embeddable":true,"href":"https:\/\/www.lasreinasdelbiberon.org\/val\/wp-json\/wp\/v2\/product_brand?post=5206"},{"taxonomy":"product_cat","embeddable":true,"href":"https:\/\/www.lasreinasdelbiberon.org\/val\/wp-json\/wp\/v2\/product_cat?post=5206"},{"taxonomy":"product_tag","embeddable":true,"href":"https:\/\/www.lasreinasdelbiberon.org\/val\/wp-json\/wp\/v2\/product_tag?post=5206"}],"curies":[{"name":"wp","href":"https:\/\/api.w.org\/{rel}","templated":true}]}}