{"id":4741,"date":"2025-04-11T11:59:52","date_gmt":"2025-04-11T09:59:52","guid":{"rendered":"https:\/\/www.lasreinasdelbiberon.org\/?post_type=product&#038;p=4741"},"modified":"2025-05-14T13:04:25","modified_gmt":"2025-05-14T11:04:25","slug":"mango","status":"publish","type":"product","link":"https:\/\/www.lasreinasdelbiberon.org\/val\/producto\/mango\/","title":{"rendered":"MANGO"},"content":{"rendered":"<p class=\"\" data-start=\"159\" data-end=\"584\">Mango es un perrito muy especial que forma parte de la camada Change, un grupo de hermanitos que fueron rescatados en condiciones muy delicadas. Llegaron a nosotros en un estado lamentable, con el cuerpo y el \u00e1nimo muy da\u00f1ados, pero con una enorme voluntad de vivir. Poco a poco, y gracias a los cuidados que recibieron, todos sus hermanitos fueron encontrando familias que los adoptaron y les dieron una segunda oportunidad.<\/p>\n<p class=\"\" data-start=\"586\" data-end=\"645\">Pero la historia de Mango ha sido un poco m\u00e1s complicada\u2026<\/p>\n<p class=\"\" data-start=\"647\" data-end=\"957\">Cuando parec\u00eda que todo iba bien y \u00e9l tambi\u00e9n ten\u00eda una familia esperando por \u00e9l, enferm\u00f3. Su salud se resinti\u00f3 y, por precauci\u00f3n, no pod\u00eda estar en contacto con otros perritos. Eso nos oblig\u00f3 a cancelar su adopci\u00f3n, a pesar de que ya estaba reservado. Fue un momento dif\u00edcil, pero su bienestar era lo primero.<\/p>\n<p class=\"\" data-start=\"959\" data-end=\"1337\">Pasaron dos meses de cuidados, paciencia y mucho amor hasta que por fin Mango se recuper\u00f3 del todo. Durante ese tiempo, estuvo con una nueva familia de acogida, que no pudo evitar enamorarse de \u00e9l. De hecho, quer\u00edan adoptarlo. Estaban convencidos de que Mango era el compa\u00f1ero perfecto para ellos\u2026 pero por circunstancias ajenas a \u00e9l, esa adopci\u00f3n tampoco pudo salir adelante.<\/p>\n<p class=\"\" data-start=\"1339\" data-end=\"1654\">As\u00ed que aqu\u00ed est\u00e1 Mango, cuatro meses despu\u00e9s de haber llegado a nuestras vidas. Ya est\u00e1 completamente sano, activo, juguet\u00f3n y lleno de vida. Es un perrito alegre, cari\u00f1oso, con una energ\u00eda preciosa que contagia a todos los que lo rodean. A d\u00eda de hoy pesa 14 kilos y ser\u00e1 de tama\u00f1o mediano cuando crezca del todo.<\/p>\n<p class=\"\" data-start=\"1656\" data-end=\"2003\">Despu\u00e9s de todo lo que ha pasado, creemos de coraz\u00f3n que Mango merece una oportunidad real. Una familia que lo quiera para siempre, que lo valore, que le d\u00e9 estabilidad y el cari\u00f1o que lleva tanto tiempo esperando. Su vida no ha sido f\u00e1cil, pero a\u00fan est\u00e1 a tiempo de cambiar por completo. Solo necesita que alguien le abra su coraz\u00f3n y su hogar.<\/p>\n<p class=\"\" data-start=\"2005\" data-end=\"2132\">\u00bfTe animas a ser t\u00fa quien lo acompa\u00f1e en esta nueva etapa? Mango est\u00e1 listo para comenzar su historia de amor verdadera. \ud83d\udc36\ud83d\udc96\ud83c\udfe1<\/p>\n","protected":false},"excerpt":{"rendered":"<p>Mango pertenece a la camada Change, la cual rescatamos en muy mal estado. Todos sus hermanos fueron adoptados poco a poco, pero \u00e9l se puso malito y aunque estaba reservado, no pod\u00eda estar junto a otros perros, as\u00ed que cancelamos su adopci\u00f3n. Estuvimos esperando dos meses m\u00e1s a qu\u00e9 se recuperara del todo y en ese tiempo, su segunda familia de acogida se enamor\u00f3 de \u00e9l y quisieron adoptarlo&#8230;pero, lamentablemente no ha podido ser <span class=\"html-span xexx8yu x4uap5 x18d9i69 xkhd6sd x1hl2dhg x16tdsg8 x1vvkbs x3nfvp2 x1j61x8r x1fcty0u xdj266r xat24cr xgzva0m xhhsvwb xxymvpz xlup9mm x1kky2od\"><img loading=\"lazy\" decoding=\"async\" class=\"xz74otr x168nmei x13lgxp2 x5pf9jr xo71vjh\" src=\"https:\/\/static.xx.fbcdn.net\/images\/emoji.php\/v9\/te\/1\/16\/1f622.png\" alt=\"\ud83d\ude22\" width=\"16\" height=\"16\" \/><\/span>Ahora, despu\u00e9s de cuatro meses con nosotros, ya est\u00e1 completamente sano y se merece que su suerte cambie para siempre y encontrar su verdadero hogar<span class=\"html-span xexx8yu x4uap5 x18d9i69 xkhd6sd x1hl2dhg x16tdsg8 x1vvkbs x3nfvp2 x1j61x8r x1fcty0u xdj266r xat24cr xgzva0m xhhsvwb xxymvpz xlup9mm x1kky2od\"><img loading=\"lazy\" decoding=\"async\" class=\"xz74otr x168nmei x13lgxp2 x5pf9jr xo71vjh\" src=\"https:\/\/static.xx.fbcdn.net\/images\/emoji.php\/v9\/tf6\/1\/16\/1f3e0.png\" alt=\"\ud83c\udfe0\" width=\"16\" height=\"16\" \/><\/span><span class=\"html-span xexx8yu x4uap5 x18d9i69 xkhd6sd x1hl2dhg x16tdsg8 x1vvkbs x3nfvp2 x1j61x8r x1fcty0u xdj266r xat24cr xgzva0m xhhsvwb xxymvpz xlup9mm x1kky2od\"><img loading=\"lazy\" decoding=\"async\" class=\"xz74otr x168nmei x13lgxp2 x5pf9jr xo71vjh\" src=\"https:\/\/static.xx.fbcdn.net\/images\/emoji.php\/v9\/t17\/1\/16\/1f49d.png\" alt=\"\ud83d\udc9d\" width=\"16\" height=\"16\" \/><\/span>.Ser\u00e1 tama\u00f1o mediano, ahora pesa unos 14 kilos.<\/p>\n","protected":false},"featured_media":4742,"template":"","meta":{"_acf_changed":false,"give_campaign_id":0,"_et_pb_use_builder":"","_et_pb_old_content":"","_et_gb_content_width":"","_price":"","_stock":"","_tribe_ticket_header":"","_tribe_default_ticket_provider":"","_ticket_start_date":"","_ticket_end_date":"","_tribe_ticket_show_description":"","_tribe_ticket_show_not_going":false,"_tribe_ticket_use_global_stock":"","_tribe_ticket_global_stock_level":"","_global_stock_mode":"","_global_stock_cap":"","_tribe_rsvp_for_event":"","_tribe_ticket_going_count":"","_tribe_ticket_not_going_count":"","_tribe_tickets_list":"[]","_tribe_ticket_has_attendee_info_fields":false,"_joinchat":[],"_tec_slr_enabled":"","_tec_slr_layout":""},"product_brand":[],"product_cat":[99,20],"product_tag":[],"class_list":{"0":"post-4741","1":"product","2":"type-product","3":"status-publish","4":"has-post-thumbnail","6":"product_cat-peludos","7":"product_cat-individuo","8":"post","10":"first","11":"outofstock","12":"shipping-taxable","13":"product-type-simple"},"acf":[],"_links":{"self":[{"href":"https:\/\/www.lasreinasdelbiberon.org\/val\/wp-json\/wp\/v2\/product\/4741","targetHints":{"allow":["GET"]}}],"collection":[{"href":"https:\/\/www.lasreinasdelbiberon.org\/val\/wp-json\/wp\/v2\/product"}],"about":[{"href":"https:\/\/www.lasreinasdelbiberon.org\/val\/wp-json\/wp\/v2\/types\/product"}],"wp:featuredmedia":[{"embeddable":true,"href":"https:\/\/www.lasreinasdelbiberon.org\/val\/wp-json\/wp\/v2\/media\/4742"}],"wp:attachment":[{"href":"https:\/\/www.lasreinasdelbiberon.org\/val\/wp-json\/wp\/v2\/media?parent=4741"}],"wp:term":[{"taxonomy":"product_brand","embeddable":true,"href":"https:\/\/www.lasreinasdelbiberon.org\/val\/wp-json\/wp\/v2\/product_brand?post=4741"},{"taxonomy":"product_cat","embeddable":true,"href":"https:\/\/www.lasreinasdelbiberon.org\/val\/wp-json\/wp\/v2\/product_cat?post=4741"},{"taxonomy":"product_tag","embeddable":true,"href":"https:\/\/www.lasreinasdelbiberon.org\/val\/wp-json\/wp\/v2\/product_tag?post=4741"}],"curies":[{"name":"wp","href":"https:\/\/api.w.org\/{rel}","templated":true}]}}