{"id":4716,"date":"2025-04-08T14:34:40","date_gmt":"2025-04-08T12:34:40","guid":{"rendered":"https:\/\/www.lasreinasdelbiberon.org\/?post_type=product&#038;p=4716"},"modified":"2025-05-14T13:12:21","modified_gmt":"2025-05-14T11:12:21","slug":"milu","status":"publish","type":"product","link":"https:\/\/www.lasreinasdelbiberon.org\/val\/producto\/milu\/","title":{"rendered":"MILU"},"content":{"rendered":"<p>\u00a1Milu busca un hogar para siempre!<\/p>\n<p>HISTORIA:<\/p>\n<p>Milu es una perrita adorable de aproximadamente 3 a\u00f1os y tama\u00f1o peque\u00f1o: pesa solo 6 kilitos, pero su coraz\u00f3n no le cabe en el pecho. Es la valiente mam\u00e1 de la camada Zebra, a quienes ha cuidado con una dedicaci\u00f3n y ternura que conmueven. Fue encontrada en la calle, al lado de sus cachorros, sin separarse de ellos ni un segundo, protegi\u00e9ndolos y aliment\u00e1ndolos como pudo, a pesar de las duras condiciones.<\/p>\n<p>No podemos imaginar todo lo que ha vivido Milu en tan poco tiempo\u2026 Pero lo que s\u00ed sabemos es que, a pesar de las dificultades, nunca ha perdido su dulzura. Es una perrita extremadamente cari\u00f1osa, noble, tranquila y agradecida. Cada d\u00eda nos regala miradas llenas de amor, mueve la colita con alegr\u00eda, y busca mimos como si supiera que, por fin, est\u00e1 a salvo.<\/p>\n<p>Ahora Milu necesita lo m\u00e1s importante: un hogar definitivo. Un lugar donde pueda descansar, sentirse querida y comenzar una nueva vida rodeada de cari\u00f1o. Ella lo ha dado todo por sus beb\u00e9s, y ahora le toca recibir a ella el amor que tanto merece.<\/p>\n","protected":false},"excerpt":{"rendered":"<p>Milu busca un hogar \ud83d\udc36<br \/>\nHISTORIA:<br \/>\nMilu es la mam\u00e1 de la camada Zebra, una perrita de aproximadamente 3 a\u00f1itos y tama\u00f1o peque\u00f1o, tan solo pesa 6 kilos. La encontraron al lado de sus cachorros a los que nunca ha dejado solos y ha alimentado en la calle. No podemos imaginar todo lo que esta perrita ha pasado en su corta vida, pero nos lo agradece todos los d\u00edas con muchas muestras de amor. Es muy cari\u00f1osa y buena y est\u00e1 en busca de su hogar definitivo \ud83c\udfe1\ud83d\udc96<\/p>\n","protected":false},"featured_media":4674,"template":"","meta":{"_acf_changed":false,"give_campaign_id":0,"_et_pb_use_builder":"","_et_pb_old_content":"","_et_gb_content_width":"","_price":"","_stock":"","_tribe_ticket_header":"","_tribe_default_ticket_provider":"","_ticket_start_date":"","_ticket_end_date":"","_tribe_ticket_show_description":"","_tribe_ticket_show_not_going":false,"_tribe_ticket_use_global_stock":"","_tribe_ticket_global_stock_level":"","_global_stock_mode":"","_global_stock_cap":"","_tribe_rsvp_for_event":"","_tribe_ticket_going_count":"","_tribe_ticket_not_going_count":"","_tribe_tickets_list":"[]","_tribe_ticket_has_attendee_info_fields":false,"_joinchat":[],"_tec_slr_enabled":"","_tec_slr_layout":""},"product_brand":[],"product_cat":[99,20],"product_tag":[],"class_list":{"0":"post-4716","1":"product","2":"type-product","3":"status-publish","4":"has-post-thumbnail","6":"product_cat-peludos","7":"product_cat-individuo","8":"post","10":"first","11":"outofstock","12":"shipping-taxable","13":"product-type-simple"},"acf":[],"_links":{"self":[{"href":"https:\/\/www.lasreinasdelbiberon.org\/val\/wp-json\/wp\/v2\/product\/4716","targetHints":{"allow":["GET"]}}],"collection":[{"href":"https:\/\/www.lasreinasdelbiberon.org\/val\/wp-json\/wp\/v2\/product"}],"about":[{"href":"https:\/\/www.lasreinasdelbiberon.org\/val\/wp-json\/wp\/v2\/types\/product"}],"wp:featuredmedia":[{"embeddable":true,"href":"https:\/\/www.lasreinasdelbiberon.org\/val\/wp-json\/wp\/v2\/media\/4674"}],"wp:attachment":[{"href":"https:\/\/www.lasreinasdelbiberon.org\/val\/wp-json\/wp\/v2\/media?parent=4716"}],"wp:term":[{"taxonomy":"product_brand","embeddable":true,"href":"https:\/\/www.lasreinasdelbiberon.org\/val\/wp-json\/wp\/v2\/product_brand?post=4716"},{"taxonomy":"product_cat","embeddable":true,"href":"https:\/\/www.lasreinasdelbiberon.org\/val\/wp-json\/wp\/v2\/product_cat?post=4716"},{"taxonomy":"product_tag","embeddable":true,"href":"https:\/\/www.lasreinasdelbiberon.org\/val\/wp-json\/wp\/v2\/product_tag?post=4716"}],"curies":[{"name":"wp","href":"https:\/\/api.w.org\/{rel}","templated":true}]}}