{"id":3667,"date":"2025-01-06T17:35:46","date_gmt":"2025-01-06T16:35:46","guid":{"rendered":"https:\/\/www.lasreinasdelbiberon.org\/?post_type=product&#038;p=3667"},"modified":"2025-10-22T09:39:04","modified_gmt":"2025-10-22T07:39:04","slug":"marujo","status":"publish","type":"product","link":"https:\/\/www.lasreinasdelbiberon.org\/val\/producto\/marujo\/","title":{"rendered":"MARUJO"},"content":{"rendered":"<p>\u2728 Marujo busca un hogar \ud83d\udc36<\/p>\n<p>HISTORIA: Marujo es un bodeguero de 3 a\u00f1itos que fue rescatado porque viv\u00eda siempre encerrado en una habitaci\u00f3n. Debido a esto, lleg\u00f3 a nosotros con algunos miedos y desconfianza.<\/p>\n<p>Ahora est\u00e1 en una maravillosa casa de acogida, donde ha aprendido a disfrutar de los paseos, los juegos y los mimos que nunca tuvo en sus dos a\u00f1os de vida \ud83d\udc36\u2764\ufe0f. Es un perrito activo y lleno de energ\u00eda, ideal para una familia que pueda dedicarle tiempo y atenci\u00f3n.<\/p>\n<p>Marujo necesita ser hijo \u00fanico en su nuevo hogar, ya que prefiere disfrutar de todo el cari\u00f1o y las aventuras exclusivamente con su familia \ud83c\udfe0\ud83d\udc15. \u00a1\u00c9l est\u00e1 listo para empezar una vida llena de amor y diversi\u00f3n!<\/p>\n<p>&nbsp;<\/p>\n","protected":false},"excerpt":{"rendered":"<p>\u2728 Marujo busca un hogar \ud83d\udc36<\/p>\n<p>Marujo, un bodeguero de 3 a\u00f1os, fue rescatado tras vivir siempre encerrado, lo que le gener\u00f3 miedos. Ahora, en su casa de acogida, ha aprendido a disfrutar de paseos, juegos y mimos.<\/p>\n<p>Es un perrito activo y cari\u00f1oso que necesita ser hijo \u00fanico para recibir toda la atenci\u00f3n y amor de su futura familia. \u00a1Marujo est\u00e1 listo para una vida llena de aventuras y felicidad! \ud83c\udfe0\ud83d\udc15\u2764\ufe0f<\/p>\n","protected":false},"featured_media":3733,"template":"","meta":{"_acf_changed":false,"give_campaign_id":0,"_et_pb_use_builder":"","_et_pb_old_content":"","_et_gb_content_width":"","_price":"","_stock":"","_tribe_ticket_header":"","_tribe_default_ticket_provider":"","_ticket_start_date":"","_ticket_end_date":"","_tribe_ticket_show_description":"","_tribe_ticket_show_not_going":false,"_tribe_ticket_use_global_stock":"","_tribe_ticket_global_stock_level":"","_global_stock_mode":"","_global_stock_cap":"","_tribe_rsvp_for_event":"","_tribe_ticket_going_count":"","_tribe_ticket_not_going_count":"","_tribe_tickets_list":"[]","_tribe_ticket_has_attendee_info_fields":false,"_joinchat":[],"_tec_slr_enabled":"","_tec_slr_layout":""},"product_brand":[],"product_cat":[99,20],"product_tag":[],"class_list":{"0":"post-3667","1":"product","2":"type-product","3":"status-publish","4":"has-post-thumbnail","6":"product_cat-peludos","7":"product_cat-individuo","8":"post","10":"first","11":"outofstock","12":"shipping-taxable","13":"product-type-simple"},"acf":[],"_links":{"self":[{"href":"https:\/\/www.lasreinasdelbiberon.org\/val\/wp-json\/wp\/v2\/product\/3667","targetHints":{"allow":["GET"]}}],"collection":[{"href":"https:\/\/www.lasreinasdelbiberon.org\/val\/wp-json\/wp\/v2\/product"}],"about":[{"href":"https:\/\/www.lasreinasdelbiberon.org\/val\/wp-json\/wp\/v2\/types\/product"}],"wp:featuredmedia":[{"embeddable":true,"href":"https:\/\/www.lasreinasdelbiberon.org\/val\/wp-json\/wp\/v2\/media\/3733"}],"wp:attachment":[{"href":"https:\/\/www.lasreinasdelbiberon.org\/val\/wp-json\/wp\/v2\/media?parent=3667"}],"wp:term":[{"taxonomy":"product_brand","embeddable":true,"href":"https:\/\/www.lasreinasdelbiberon.org\/val\/wp-json\/wp\/v2\/product_brand?post=3667"},{"taxonomy":"product_cat","embeddable":true,"href":"https:\/\/www.lasreinasdelbiberon.org\/val\/wp-json\/wp\/v2\/product_cat?post=3667"},{"taxonomy":"product_tag","embeddable":true,"href":"https:\/\/www.lasreinasdelbiberon.org\/val\/wp-json\/wp\/v2\/product_tag?post=3667"}],"curies":[{"name":"wp","href":"https:\/\/api.w.org\/{rel}","templated":true}]}}