{"id":9344,"date":"2026-01-23T12:29:16","date_gmt":"2026-01-23T11:29:16","guid":{"rendered":"https:\/\/www.lasreinasdelbiberon.org\/termes-i-condicions-de-compra-dentrades\/"},"modified":"2026-01-23T12:29:18","modified_gmt":"2026-01-23T11:29:18","slug":"termes-i-condicions-de-compra-dentrades","status":"publish","type":"page","link":"https:\/\/www.lasreinasdelbiberon.org\/val\/termes-i-condicions-de-compra-dentrades\/","title":{"rendered":"Termes i Condicions de Compra d&#8217;Entrades"},"content":{"rendered":"<p>[et_pb_section fb_built=&#8221;1&#8243; prev_background_color=&#8221;#cbd2c8&#8243; _builder_version=&#8221;4.27.2&#8243; _module_preset=&#8221;default&#8221; background_enable_color=&#8221;off&#8221; use_background_color_gradient=&#8221;on&#8221; background_color_gradient_stops=&#8221;#cbd2c8 9%|#8d9c85 100%&#8221; background_enable_image=&#8221;off&#8221; custom_padding=&#8221;1em||1em||true|false&#8221; top_divider_style=&#8221;none&#8221; top_divider_height_tablet=&#8221;9px&#8221; top_divider_height_phone=&#8221;8px&#8221; top_divider_height_last_edited=&#8221;on|tablet&#8221; top_divider_repeat_tablet=&#8221;20x&#8221; top_divider_repeat_phone=&#8221;18x&#8221; top_divider_repeat_last_edited=&#8221;on|phone&#8221; bottom_divider_style=&#8221;waves2&#8243; bottom_divider_color=&#8221;rgba(244,235,213,0.16)&#8221; bottom_divider_height=&#8221;140px&#8221; bottom_divider_flip=&#8221;vertical&#8221; bottom_divider_height_tablet=&#8221;110px&#8221; bottom_divider_height_phone=&#8221;80px&#8221; bottom_divider_height_last_edited=&#8221;on|tablet&#8221; bottom_divider_repeat_tablet=&#8221;20x&#8221; bottom_divider_repeat_phone=&#8221;18x&#8221; bottom_divider_repeat_last_edited=&#8221;off|desktop&#8221; background_last_edited=&#8221;off|desktop&#8221; use_background_color_gradient_tablet=&#8221;on&#8221; background_color_gradient_stops_tablet=&#8221;#cbd2c8 0%|#8d9c85 7%|#886d96 100%&#8221; da_disable_devices=&#8221;off|off|off&#8221; global_colors_info=&#8221;{}&#8221; theme_builder_area=&#8221;post_content&#8221; da_is_popup=&#8221;off&#8221; da_exit_intent=&#8221;off&#8221; da_has_close=&#8221;on&#8221; da_alt_close=&#8221;off&#8221; da_dark_close=&#8221;off&#8221; da_not_modal=&#8221;on&#8221; da_is_singular=&#8221;off&#8221; da_with_loader=&#8221;off&#8221; da_has_shadow=&#8221;on&#8221;][et_pb_row _builder_version=&#8221;4.27.2&#8243; _module_preset=&#8221;default&#8221; custom_padding=&#8221;0em||0em||true|false&#8221; global_colors_info=&#8221;{}&#8221; theme_builder_area=&#8221;post_content&#8221;][et_pb_column type=&#8221;4_4&#8243; _builder_version=&#8221;4.27.2&#8243; _module_preset=&#8221;default&#8221; global_colors_info=&#8221;{}&#8221; theme_builder_area=&#8221;post_content&#8221;][et_pb_icon font_icon=&#8221;&#xf1b0;||fa||900&#8243; icon_color=&#8221;rgba(244,235,213,0.35)&#8221; align=&#8221;left&#8221; icon_width_tablet=&#8221;&#8221; icon_width_phone=&#8221;75px&#8221; icon_width_last_edited=&#8221;on|phone&#8221; _builder_version=&#8221;4.27.5&#8243; _module_preset=&#8221;default&#8221; transform_translate=&#8221;-30px|0px&#8221; transform_translate_linked=&#8221;off&#8221; transform_rotate=&#8221;0deg|0deg|-20deg&#8221; hover_enabled=&#8221;0&#8243; global_colors_info=&#8221;{}&#8221; theme_builder_area=&#8221;post_content&#8221; sticky_enabled=&#8221;0&#8243;][\/et_pb_icon][et_pb_text _builder_version=&#8221;4.27.5&#8243; _module_preset=&#8221;default&#8221; text_font=&#8221;||||||||&#8221; text_text_color=&#8221;#ECDEB9&#8243; header_font=&#8221;|600||on|||||&#8221; header_text_color=&#8221;#886D96&#8243; header_font_size=&#8221;2.5em&#8221; header_line_height=&#8221;1.1em&#8221; background_layout=&#8221;dark&#8221; custom_margin=&#8221;-5em||||false|false&#8221; hover_enabled=&#8221;0&#8243; header_font_size_tablet=&#8221;3em&#8221; header_font_size_phone=&#8221;1.8em&#8221; header_font_size_last_edited=&#8221;on|phone&#8221; locked=&#8221;off&#8221; global_colors_info=&#8221;{}&#8221; theme_builder_area=&#8221;post_content&#8221; sticky_enabled=&#8221;0&#8243;]<\/p>\n<h1>Termes i Condicions de Compra d&#8217;Entrades<\/h1>\n<p>[\/et_pb_text][\/et_pb_column][\/et_pb_row][\/et_pb_section][et_pb_section fb_built=&#8221;1&#8243; custom_padding_last_edited=&#8221;on|phone&#8221; admin_label=&#8221;Secci\u00f3n&#8221; _builder_version=&#8221;4.27.3&#8243; _module_preset=&#8221;default&#8221; background_color=&#8221;#F4EBD5&#8243; background_image=&#8221;https:\/\/www.lasreinasdelbiberon.org\/wp-content\/uploads\/2024\/10\/fondo-huellas-4.png&#8221; background_size=&#8221;initial&#8221; background_position=&#8221;bottom_center&#8221; custom_padding=&#8221;||0px||false|false&#8221; custom_padding_tablet=&#8221;||0em||false|false&#8221; custom_padding_phone=&#8221;||0em||false|false&#8221; top_divider_height=&#8221;208px&#8221; da_disable_devices=&#8221;off|off|off&#8221; border_width_top=&#8221;4px&#8221; border_color_top=&#8221;#8D9C85&#8243; border_style_top=&#8221;dotted&#8221; global_colors_info=&#8221;{}&#8221; theme_builder_area=&#8221;post_content&#8221; da_is_popup=&#8221;off&#8221; da_exit_intent=&#8221;off&#8221; da_has_close=&#8221;on&#8221; da_alt_close=&#8221;off&#8221; da_dark_close=&#8221;off&#8221; da_not_modal=&#8221;on&#8221; da_is_singular=&#8221;off&#8221; da_with_loader=&#8221;off&#8221; da_has_shadow=&#8221;on&#8221;][et_pb_row column_structure=&#8221;3_4,1_4&#8243; _builder_version=&#8221;4.27.3&#8243; _module_preset=&#8221;default&#8221; custom_padding=&#8221;0px||0px||true|false&#8221; global_colors_info=&#8221;{}&#8221; theme_builder_area=&#8221;post_content&#8221;][et_pb_column type=&#8221;3_4&#8243; _builder_version=&#8221;4.27.3&#8243; _module_preset=&#8221;default&#8221; global_colors_info=&#8221;{}&#8221; theme_builder_area=&#8221;post_content&#8221;][et_pb_text _builder_version=&#8221;4.27.5&#8243; _module_preset=&#8221;default&#8221; text_text_color=&#8221;#333333&#8243; custom_margin=&#8221;||2em||false|false&#8221; hover_enabled=&#8221;0&#8243; global_colors_info=&#8221;{}&#8221; theme_builder_area=&#8221;post_content&#8221; sticky_enabled=&#8221;0&#8243;]<\/p>\n<p><strong>Associaci\u00f3 \u201cLes Reines del Biber\u00f3\u201d<\/strong><br \/>\u00daltima actualitzaci\u00f3: 22 de gener de 2026<\/p>\n<p>[\/et_pb_text][\/et_pb_column][et_pb_column type=&#8221;1_4&#8243; _builder_version=&#8221;4.27.3&#8243; _module_preset=&#8221;default&#8221; global_colors_info=&#8221;{}&#8221; theme_builder_area=&#8221;post_content&#8221;][\/et_pb_column][\/et_pb_row][et_pb_row column_structure=&#8221;3_4,1_4&#8243; _builder_version=&#8221;4.27.3&#8243; _module_preset=&#8221;default&#8221; custom_padding=&#8221;0px||0px||true|false&#8221; global_colors_info=&#8221;{}&#8221; theme_builder_area=&#8221;post_content&#8221;][et_pb_column type=&#8221;3_4&#8243; _builder_version=&#8221;4.27.3&#8243; _module_preset=&#8221;default&#8221; global_colors_info=&#8221;{}&#8221; theme_builder_area=&#8221;post_content&#8221;][et_pb_text _builder_version=&#8221;4.27.5&#8243; _module_preset=&#8221;default&#8221; text_font=&#8221;&#8211;et_global_heading_font||||||||&#8221; text_text_color=&#8221;#00471B&#8221; text_font_size=&#8221;1.6em&#8221; text_line_height=&#8221;1.4em&#8221; hover_enabled=&#8221;0&#8243; global_colors_info=&#8221;{}&#8221; theme_builder_area=&#8221;post_content&#8221; sticky_enabled=&#8221;0&#8243; header_2_text_color=&#8221;#00471b&#8221;]<\/p>\n<h2>1. Objecte i \u00c0mbit d&#8217;Aplicaci\u00f3<\/h2>\n<p>[\/et_pb_text][et_pb_text _builder_version=&#8221;4.27.5&#8243; _module_preset=&#8221;default&#8221; text_text_color=&#8221;#333333&#8243; custom_margin=&#8221;||2em||false|false&#8221; hover_enabled=&#8221;0&#8243; global_colors_info=&#8221;{}&#8221; theme_builder_area=&#8221;post_content&#8221; sticky_enabled=&#8221;0&#8243;]<\/p>\n<p>Estes condicions regulen l&#8217;adquisici\u00f3 d&#8217;entrades per als esdeveniments solidaris organitzats per les Reines del Biber\u00f3, associaci\u00f3 sense \u00e0nim de lucre registrada a Alacant (Espanya), amb seu en C\/ Francisco Montero P\u00e9rez, 67. Les entrades permeten l&#8217;acc\u00e9s a tallers, activitats i trobades presencials amb aforament limitat. En adquirir una entrada a trav\u00e9s del nostre portal web, el comprador accepta \u00edntegra i expressament estes condicions.  <\/p>\n<p>[\/et_pb_text][\/et_pb_column][et_pb_column type=&#8221;1_4&#8243; _builder_version=&#8221;4.27.3&#8243; _module_preset=&#8221;default&#8221; global_colors_info=&#8221;{}&#8221; theme_builder_area=&#8221;post_content&#8221;][\/et_pb_column][\/et_pb_row][et_pb_row column_structure=&#8221;3_4,1_4&#8243; _builder_version=&#8221;4.27.3&#8243; _module_preset=&#8221;default&#8221; custom_padding=&#8221;0px||0px||true|false&#8221; global_colors_info=&#8221;{}&#8221; theme_builder_area=&#8221;post_content&#8221;][et_pb_column type=&#8221;3_4&#8243; _builder_version=&#8221;4.27.3&#8243; _module_preset=&#8221;default&#8221; global_colors_info=&#8221;{}&#8221; theme_builder_area=&#8221;post_content&#8221;][et_pb_text _builder_version=&#8221;4.27.5&#8243; _module_preset=&#8221;default&#8221; text_font=&#8221;&#8211;et_global_heading_font||||||||&#8221; text_text_color=&#8221;#00471B&#8221; text_font_size=&#8221;1.6em&#8221; text_line_height=&#8221;1.4em&#8221; global_colors_info=&#8221;{}&#8221; theme_builder_area=&#8221;post_content&#8221; sticky_enabled=&#8221;0&#8243; header_2_text_color=&#8221;#00471b&#8221; hover_enabled=&#8221;0&#8243; header_2_line_height=&#8221;1.2em&#8221;]<\/p>\n<h2>2. Naturalesa de la Compra i Exclusi\u00f3 del Dret de Desistiment<\/h2>\n<p>[\/et_pb_text][et_pb_text _builder_version=&#8221;4.27.5&#8243; _module_preset=&#8221;default&#8221; text_text_color=&#8221;#333333&#8243; custom_margin=&#8221;||2em||false|false&#8221; hover_enabled=&#8221;0&#8243; global_colors_info=&#8221;{}&#8221; theme_builder_area=&#8221;post_content&#8221; sticky_enabled=&#8221;0&#8243;]<\/p>\n<p>Les entrades s&#8217;adquirixen per a esdeveniments d&#8217;oci i esplai amb data o per\u00edode d&#8217;execuci\u00f3 espec\u00edfics; per aix\u00f2, no resulta aplicable el dret de desistiment de 14 dies previst per a les compres a dist\u00e0ncia. En acceptar la compra, el comprador ren\u00fancia a qualsevol dret de desistiment. En conseq\u00fc\u00e8ncia, una vegada realitzada la compra i confirmat el pagament, no es podran sol\u00b7licitar devolucions ni canvis per mera voluntat del comprador, excepte en els sup\u00f2sits previstos en estes condicions.  <\/p>\n<p>[\/et_pb_text][\/et_pb_column][et_pb_column type=&#8221;1_4&#8243; _builder_version=&#8221;4.27.3&#8243; _module_preset=&#8221;default&#8221; global_colors_info=&#8221;{}&#8221; theme_builder_area=&#8221;post_content&#8221;][\/et_pb_column][\/et_pb_row][et_pb_row column_structure=&#8221;3_4,1_4&#8243; _builder_version=&#8221;4.27.3&#8243; _module_preset=&#8221;default&#8221; custom_padding=&#8221;0px||||false|false&#8221; global_colors_info=&#8221;{}&#8221; theme_builder_area=&#8221;post_content&#8221;][et_pb_column type=&#8221;3_4&#8243; _builder_version=&#8221;4.27.3&#8243; _module_preset=&#8221;default&#8221; global_colors_info=&#8221;{}&#8221; theme_builder_area=&#8221;post_content&#8221;][et_pb_text _builder_version=&#8221;4.27.5&#8243; _module_preset=&#8221;default&#8221; text_font=&#8221;&#8211;et_global_heading_font||||||||&#8221; text_text_color=&#8221;#00471B&#8221; text_font_size=&#8221;1.6em&#8221; text_line_height=&#8221;1.4em&#8221; global_colors_info=&#8221;{}&#8221; theme_builder_area=&#8221;post_content&#8221; sticky_enabled=&#8221;0&#8243; header_2_text_color=&#8221;#00471b&#8221; header_2_line_height=&#8221;1.2em&#8221;]<\/p>\n<h2>3. Pol\u00edtica de Canvis i Devolucions<\/h2>\n<p>[\/et_pb_text][et_pb_text _builder_version=&#8221;4.27.5&#8243; _module_preset=&#8221;default&#8221; text_text_color=&#8221;#333333&#8243; custom_margin=&#8221;||2em||false|false&#8221; hover_enabled=&#8221;0&#8243; global_colors_info=&#8221;{}&#8221; theme_builder_area=&#8221;post_content&#8221; sticky_enabled=&#8221;0&#8243;]<\/p>\n<ol>\n<li><strong>Entrades no reembossables ni transferibles<\/strong>. Les entrades s\u00f3n nominatives i intransferibles, no admetent-se canvis de data ni devolucions per impossibilitat d&#8217;assist\u00e8ncia o errors en la compra. La impossibilitat d&#8217;assistir a l&#8217;esdeveniment o la comissi\u00f3 d&#8217;un error en efectuar la compra (per exemple, introduir incorrectament el correu electr\u00f2nic) no constitu\u00efxen causa de reembossament.  <\/li>\n<li><strong>Ren\u00fancia a canvis de data<\/strong>. El comprador reconeix que en adquirir l&#8217;entrada ocupa una pla\u00e7a limitada i, per tant, no \u00e9s possible reubicar ni conservar el dret d&#8217;\u00fas per a una altra edici\u00f3 de l&#8217;esdeveniment. <\/li>\n<li><strong>Cancelaci\u00f3n del evento<\/strong>. \u00danicamente proceder\u00e1 la devoluci\u00f3n del importe si el evento se cancela en su totalidad por decisi\u00f3n de la asociaci\u00f3n, salvo lo dispuesto en supuestos de fuerza mayor. La devoluci\u00f3n se realizar\u00e1 a trav\u00e9s del mismo medio de pago empleado y dentro de un plazo m\u00e1ximo de quince (15) d\u00edas h\u00e1biles tras la comunicaci\u00f3n p\u00fablica de la cancelaci\u00f3n.  <\/li>\n<li><strong>Modificaci\u00f3 o ajornament<\/strong>. En cas de canvi de data o horari de l&#8217;esdeveniment, el comprador podr\u00e0 optar entre:\n<ul>\n<li>Mantindre la seua entrada per a la nova data, o<\/li>\n<li>Sol\u00b7licitar el reembossament \u00edntegre del preu, conforme a la pol\u00edtica espec\u00edfica comunicada en cada cas i en els terminis que s&#8217;establisquen.<\/li>\n<\/ul>\n<\/li>\n<li><strong>Esdeveniments parcialment suspesos<\/strong>. Si l&#8217;esdeveniment se susp\u00e9n una vegada transcorreguda m\u00e9s de la mitat de la seua duraci\u00f3, no hi haur\u00e0 dret al reembossament. <\/li>\n<\/ol>\n<p>[\/et_pb_text][et_pb_text _builder_version=&#8221;4.27.5&#8243; _module_preset=&#8221;default&#8221; text_font=&#8221;&#8211;et_global_heading_font||||||||&#8221; text_text_color=&#8221;#00471B&#8221; text_font_size=&#8221;1.6em&#8221; text_line_height=&#8221;1.4em&#8221; global_colors_info=&#8221;{}&#8221; theme_builder_area=&#8221;post_content&#8221; sticky_enabled=&#8221;0&#8243; header_2_text_color=&#8221;#00471b&#8221; header_2_line_height=&#8221;1.2em&#8221; hover_enabled=&#8221;0&#8243;]<\/p>\n<h2>4. Excepcions per Causa Major<\/h2>\n<p>[\/et_pb_text][et_pb_text _builder_version=&#8221;4.27.5&#8243; _module_preset=&#8221;default&#8221; text_text_color=&#8221;#333333&#8243; custom_margin=&#8221;||2em||false|false&#8221; hover_enabled=&#8221;0&#8243; global_colors_info=&#8221;{}&#8221; theme_builder_area=&#8221;post_content&#8221; sticky_enabled=&#8221;0&#8243;]<\/p>\n<p>El concepte de causa major es referix a successos imprevisibles i inevitables que facen impossible la celebraci\u00f3 de l&#8217;esdeveniment (per exemple, cat\u00e0strofes naturals, epid\u00e8mies, ordenances administratives o de seguretat). En cas de cancel\u00b7laci\u00f3 per causa major s&#8217;aplicaran les seg\u00fcents regles: <\/p>\n<ul>\n<li><strong>Si la cancel\u00b7laci\u00f3 impedix l&#8217;inici de l&#8217;esdeveniment,<\/strong> es retornar\u00e0 l&#8217;import \u00edntegre de l&#8217;entrada.<\/li>\n<li><strong>Si la causa major obliga a interrompre l&#8217;esdeveniment<\/strong> una vegada comen\u00e7at i transcorreguda m\u00e9s de la mitat d&#8217;este, no procedir\u00e0 la devoluci\u00f3.<\/li>\n<li>L&#8217;associaci\u00f3 podr\u00e0 oferir alternatives (com un donatiu a favor de la causa o la possibilitat d&#8217;assistir a un altre esdeveniment) si la normativa permet aplicar mesures compensat\u00f2ries.<\/li>\n<\/ul>\n<p>[\/et_pb_text][et_pb_text _builder_version=&#8221;4.27.5&#8243; _module_preset=&#8221;default&#8221; text_font=&#8221;&#8211;et_global_heading_font||||||||&#8221; text_text_color=&#8221;#00471B&#8221; text_font_size=&#8221;1.6em&#8221; text_line_height=&#8221;1.4em&#8221; global_colors_info=&#8221;{}&#8221; theme_builder_area=&#8221;post_content&#8221; sticky_enabled=&#8221;0&#8243; header_2_text_color=&#8221;#00471b&#8221; header_2_line_height=&#8221;1.2em&#8221; hover_enabled=&#8221;0&#8243;]<\/p>\n<h2>5. Aforament i Dret d&#8217;Admissi\u00f3<\/h2>\n<p>[\/et_pb_text][et_pb_text _builder_version=&#8221;4.27.5&#8243; _module_preset=&#8221;default&#8221; text_text_color=&#8221;#333333&#8243; custom_margin=&#8221;||2em||false|false&#8221; hover_enabled=&#8221;0&#8243; global_colors_info=&#8221;{}&#8221; theme_builder_area=&#8221;post_content&#8221; sticky_enabled=&#8221;0&#8243;]<\/p>\n<ol>\n<li><strong>Aforament limitat<\/strong>. Per tractar-se d&#8217;activitats amb capacitat redu\u00efda i per a garantir el benestar dels animals acollits, el nombre d&#8217;entrades disponibles \u00e9s limitat. L&#8217;associaci\u00f3 es reserva el dret de detindre la venda quan s&#8217;aconseguisca l&#8217;aforament.  <\/li>\n<li><strong>Dret d&#8217;admissi\u00f3<\/strong>. L&#8217;associaci\u00f3 es reserva el dret d&#8217;admissi\u00f3 per a preservar la seguretat d&#8217;assistents i animals. Es denegar\u00e0 l&#8217;acc\u00e9s o s&#8217;expulsar\u00e0 a qui no presente la seua entrada v\u00e0lida, manipule o falsifique l&#8217;entrada o altere el desenrotllament de l&#8217;esdeveniment, d&#8217;acord amb la normativa vigent.  <\/li>\n<\/ol>\n<p>[\/et_pb_text][et_pb_text _builder_version=&#8221;4.27.5&#8243; _module_preset=&#8221;default&#8221; text_font=&#8221;&#8211;et_global_heading_font||||||||&#8221; text_text_color=&#8221;#00471B&#8221; text_font_size=&#8221;1.6em&#8221; text_line_height=&#8221;1.4em&#8221; global_colors_info=&#8221;{}&#8221; theme_builder_area=&#8221;post_content&#8221; sticky_enabled=&#8221;0&#8243; header_2_text_color=&#8221;#00471b&#8221; header_2_line_height=&#8221;1.2em&#8221; hover_enabled=&#8221;0&#8243;]<\/p>\n<h2>6. Preu i Forma de Pagament<\/h2>\n<p>[\/et_pb_text][et_pb_text _builder_version=&#8221;4.27.5&#8243; _module_preset=&#8221;default&#8221; text_text_color=&#8221;#333333&#8243; custom_margin=&#8221;||2em||false|false&#8221; hover_enabled=&#8221;0&#8243; global_colors_info=&#8221;{}&#8221; theme_builder_area=&#8221;post_content&#8221; sticky_enabled=&#8221;0&#8243;]<\/p>\n<ul>\n<li>El preu de l&#8217;entrada s&#8217;indica en euros i inclou els impostos legalment aplicables.<\/li>\n<li>La compra s&#8217;efectua mitjan\u00e7ant les plataformes de pagament habilitades en la web. La comanda es considerar\u00e0 realitzat quan el comprador reba un correu electr\u00f2nic de confirmaci\u00f3. <\/li>\n<li>L&#8217;associaci\u00f3 pot modificar el preu de les entrades abans de la seua compra; els compradors pagaran sempre el preu mostrat en el moment d&#8217;efectuar la comanda.<\/li>\n<\/ul>\n<p>[\/et_pb_text][et_pb_text _builder_version=&#8221;4.27.5&#8243; _module_preset=&#8221;default&#8221; text_font=&#8221;&#8211;et_global_heading_font||||||||&#8221; text_text_color=&#8221;#00471B&#8221; text_font_size=&#8221;1.6em&#8221; text_line_height=&#8221;1.4em&#8221; global_colors_info=&#8221;{}&#8221; theme_builder_area=&#8221;post_content&#8221; sticky_enabled=&#8221;0&#8243; header_2_text_color=&#8221;#00471b&#8221; header_2_line_height=&#8221;1.2em&#8221; hover_enabled=&#8221;0&#8243;]<\/p>\n<h2>7. Dades de Contacte i Atenci\u00f3 al Client<\/h2>\n<p>[\/et_pb_text][et_pb_text _builder_version=&#8221;4.27.5&#8243; _module_preset=&#8221;default&#8221; text_text_color=&#8221;#333333&#8243; custom_margin=&#8221;||2em||false|false&#8221; hover_enabled=&#8221;0&#8243; global_colors_info=&#8221;{}&#8221; theme_builder_area=&#8221;post_content&#8221; sticky_enabled=&#8221;0&#8243;]<\/p>\n<p>Per a qualsevol consulta o reclamaci\u00f3 relacionada amb la compra d&#8217;entrades, el comprador pot contactar amb Les Reines del Biber\u00f3 a trav\u00e9s de:<\/p>\n<ul>\n<li><strong>Correu electr\u00f2nic<\/strong>: <a href=\"mailto:eventos@lasreinasdelbiberon.org\">eventos@lasreinasdelbiberon.org<\/a><\/li>\n<li><strong>Tel\u00e8fon<\/strong>: l&#8217;indicat en la secci\u00f3 de contacte del lloc web.<br \/>La presentaci\u00f3 de reclamacions ha d&#8217;anar acompanyada obligat\u00f2riament de l&#8217;entrada digital o impresa.<\/li>\n<\/ul>\n<p>[\/et_pb_text][et_pb_text _builder_version=&#8221;4.27.5&#8243; _module_preset=&#8221;default&#8221; text_font=&#8221;&#8211;et_global_heading_font||||||||&#8221; text_text_color=&#8221;#00471B&#8221; text_font_size=&#8221;1.6em&#8221; text_line_height=&#8221;1.4em&#8221; global_colors_info=&#8221;{}&#8221; theme_builder_area=&#8221;post_content&#8221; sticky_enabled=&#8221;0&#8243; header_2_text_color=&#8221;#00471b&#8221; header_2_line_height=&#8221;1.2em&#8221; hover_enabled=&#8221;0&#8243;]<\/p>\n<h2>8. Protecci\u00f3 de Dades<\/h2>\n<p>[\/et_pb_text][et_pb_text _builder_version=&#8221;4.27.5&#8243; _module_preset=&#8221;default&#8221; text_text_color=&#8221;#333333&#8243; custom_margin=&#8221;||2em||false|false&#8221; hover_enabled=&#8221;0&#8243; global_colors_info=&#8221;{}&#8221; theme_builder_area=&#8221;post_content&#8221; sticky_enabled=&#8221;0&#8243;]<\/p>\n<p>Les dades personals facilitades durant el proc\u00e9s de compra seran tractats conforme a la normativa vigent en mat\u00e8ria de protecci\u00f3 de dades. S&#8217;utilitzaran exclusivament per a gestionar la participaci\u00f3 en l&#8217;esdeveniment i remetre informaci\u00f3 relacionada amb este. El comprador pot exercitar els seus drets d&#8217;acc\u00e9s, rectificaci\u00f3, cancel\u00b7laci\u00f3 i oposici\u00f3 mitjan\u00e7ant comunicaci\u00f3 a l&#8217;associaci\u00f3.  <\/p>\n<p>[\/et_pb_text][et_pb_text _builder_version=&#8221;4.27.5&#8243; _module_preset=&#8221;default&#8221; text_font=&#8221;&#8211;et_global_heading_font||||||||&#8221; text_text_color=&#8221;#00471B&#8221; text_font_size=&#8221;1.6em&#8221; text_line_height=&#8221;1.4em&#8221; global_colors_info=&#8221;{}&#8221; theme_builder_area=&#8221;post_content&#8221; sticky_enabled=&#8221;0&#8243; header_2_text_color=&#8221;#00471b&#8221; header_2_line_height=&#8221;1.2em&#8221; hover_enabled=&#8221;0&#8243;]<\/p>\n<h2>9. \u00das d&#8217;Imatge i Propietat Intel\u00b7lectual<\/h2>\n<p>[\/et_pb_text][et_pb_text _builder_version=&#8221;4.27.5&#8243; _module_preset=&#8221;default&#8221; text_text_color=&#8221;#333333&#8243; custom_margin=&#8221;||2em||false|false&#8221; hover_enabled=&#8221;0&#8243; global_colors_info=&#8221;{}&#8221; theme_builder_area=&#8221;post_content&#8221; sticky_enabled=&#8221;0&#8243;]<\/p>\n<p>L&#8217;assistent pot apar\u00e9ixer en fotografies o v\u00eddeos presos durant l&#8217;esdeveniment i autoritza la seua utilitzaci\u00f3 gratu\u00efta amb finalitats informatius o promocionals relacionats amb l&#8217;activitat de l&#8217;associaci\u00f3, llevat que manifeste el contrari de manera expressa. L&#8217;associaci\u00f3 ostenta els drets de propietat intel\u00b7lectual derivats de la celebraci\u00f3 de l&#8217;esdeveniment. <\/p>\n<p>[\/et_pb_text][et_pb_text _builder_version=&#8221;4.27.5&#8243; _module_preset=&#8221;default&#8221; text_font=&#8221;&#8211;et_global_heading_font||||||||&#8221; text_text_color=&#8221;#00471B&#8221; text_font_size=&#8221;1.6em&#8221; text_line_height=&#8221;1.4em&#8221; global_colors_info=&#8221;{}&#8221; theme_builder_area=&#8221;post_content&#8221; sticky_enabled=&#8221;0&#8243; header_2_text_color=&#8221;#00471b&#8221; header_2_line_height=&#8221;1.2em&#8221; hover_enabled=&#8221;0&#8243;]<\/p>\n<h2>10. Legislaci\u00f3 Aplicable i Jurisdicci\u00f3<\/h2>\n<p>[\/et_pb_text][et_pb_text _builder_version=&#8221;4.27.5&#8243; _module_preset=&#8221;default&#8221; text_text_color=&#8221;#333333&#8243; custom_margin=&#8221;||2em||false|false&#8221; hover_enabled=&#8221;0&#8243; global_colors_info=&#8221;{}&#8221; theme_builder_area=&#8221;post_content&#8221; sticky_enabled=&#8221;0&#8243;]<\/p>\n<p>Estes condicions es regixen per la legislaci\u00f3 espanyola. Qualsevol controv\u00e8rsia se sotmetr\u00e0 als Jutjats i Tribunals del domicili del consumidor, de conformitat amb la normativa de protecci\u00f3 de consumidors i usuaris. <\/p>\n<p>[\/et_pb_text][\/et_pb_column][et_pb_column type=&#8221;1_4&#8243; _builder_version=&#8221;4.27.3&#8243; _module_preset=&#8221;default&#8221; global_colors_info=&#8221;{}&#8221; theme_builder_area=&#8221;post_content&#8221;][\/et_pb_column][\/et_pb_row][\/et_pb_section]<\/p>\n","protected":false},"excerpt":{"rendered":"<p>Termes i Condicions de Compra d&#8217;EntradesAssociaci\u00f3 \u201cLes Reines del Biber\u00f3\u201d\u00daltima actualitzaci\u00f3: 22 de gener de 20261. Objecte i \u00c0mbit d&#8217;Aplicaci\u00f3Estes condicions regulen l&#8217;adquisici\u00f3 d&#8217;entrades per als esdeveniments solidaris organitzats per [&hellip;]<\/p>\n","protected":false},"author":1,"featured_media":0,"parent":0,"menu_order":0,"comment_status":"closed","ping_status":"closed","template":"","meta":{"_acf_changed":false,"give_campaign_id":0,"_et_pb_use_builder":"on","_et_pb_old_content":"","_et_gb_content_width":"","_price":"","_stock":"","_tribe_ticket_header":"","_tribe_default_ticket_provider":"","_ticket_start_date":"","_ticket_end_date":"","_tribe_ticket_show_description":"","_tribe_ticket_show_not_going":false,"_tribe_ticket_use_global_stock":"","_tribe_ticket_global_stock_level":"","_global_stock_mode":"","_global_stock_cap":"","_tribe_rsvp_for_event":"","_tribe_ticket_going_count":"","_tribe_ticket_not_going_count":"","_tribe_tickets_list":"[]","_tribe_ticket_has_attendee_info_fields":false,"_joinchat":[],"footnotes":""},"class_list":["post-9344","page","type-page","status-publish","hentry"],"acf":[],"campaignId":"","_links":{"self":[{"href":"https:\/\/www.lasreinasdelbiberon.org\/val\/wp-json\/wp\/v2\/pages\/9344","targetHints":{"allow":["GET"]}}],"collection":[{"href":"https:\/\/www.lasreinasdelbiberon.org\/val\/wp-json\/wp\/v2\/pages"}],"about":[{"href":"https:\/\/www.lasreinasdelbiberon.org\/val\/wp-json\/wp\/v2\/types\/page"}],"author":[{"embeddable":true,"href":"https:\/\/www.lasreinasdelbiberon.org\/val\/wp-json\/wp\/v2\/users\/1"}],"replies":[{"embeddable":true,"href":"https:\/\/www.lasreinasdelbiberon.org\/val\/wp-json\/wp\/v2\/comments?post=9344"}],"version-history":[{"count":2,"href":"https:\/\/www.lasreinasdelbiberon.org\/val\/wp-json\/wp\/v2\/pages\/9344\/revisions"}],"predecessor-version":[{"id":9346,"href":"https:\/\/www.lasreinasdelbiberon.org\/val\/wp-json\/wp\/v2\/pages\/9344\/revisions\/9346"}],"wp:attachment":[{"href":"https:\/\/www.lasreinasdelbiberon.org\/val\/wp-json\/wp\/v2\/media?parent=9344"}],"curies":[{"name":"wp","href":"https:\/\/api.w.org\/{rel}","templated":true}]}}