{"id":3151,"date":"2019-01-08T23:01:40","date_gmt":"2019-01-08T22:01:40","guid":{"rendered":"https:\/\/www.lasreinasdelbiberon.org\/politica-de-cookies\/"},"modified":"2024-11-27T19:45:56","modified_gmt":"2024-11-27T18:45:56","slug":"politica-de-cookies","status":"publish","type":"page","link":"https:\/\/www.lasreinasdelbiberon.org\/val\/politica-de-cookies\/","title":{"rendered":"Pol\u00edtica de cookies"},"content":{"rendered":"<p>[et_pb_section fb_built=&#8221;1&#8243; prev_background_color=&#8221;#cbd2c8&#8243; _builder_version=&#8221;4.27.2&#8243; _module_preset=&#8221;default&#8221; background_enable_color=&#8221;off&#8221; use_background_color_gradient=&#8221;on&#8221; background_color_gradient_stops=&#8221;#cbd2c8 9%|#8d9c85 100%&#8221; background_enable_image=&#8221;off&#8221; custom_padding=&#8221;1em||1em||true|false&#8221; top_divider_style=&#8221;none&#8221; top_divider_height_tablet=&#8221;9px&#8221; top_divider_height_phone=&#8221;8px&#8221; top_divider_height_last_edited=&#8221;on|tablet&#8221; top_divider_repeat_tablet=&#8221;20x&#8221; top_divider_repeat_phone=&#8221;18x&#8221; top_divider_repeat_last_edited=&#8221;on|phone&#8221; bottom_divider_style=&#8221;waves2&#8243; bottom_divider_color=&#8221;rgba(244,235,213,0.16)&#8221; bottom_divider_height=&#8221;140px&#8221; bottom_divider_flip=&#8221;vertical&#8221; bottom_divider_height_tablet=&#8221;110px&#8221; bottom_divider_height_phone=&#8221;80px&#8221; bottom_divider_height_last_edited=&#8221;on|tablet&#8221; bottom_divider_repeat_tablet=&#8221;20x&#8221; bottom_divider_repeat_phone=&#8221;18x&#8221; bottom_divider_repeat_last_edited=&#8221;off|desktop&#8221; background_last_edited=&#8221;off|desktop&#8221; use_background_color_gradient_tablet=&#8221;on&#8221; background_color_gradient_stops_tablet=&#8221;#cbd2c8 0%|#8d9c85 7%|#886d96 100%&#8221; global_colors_info=&#8221;{}&#8221; da_is_popup=&#8221;off&#8221; da_exit_intent=&#8221;off&#8221; da_has_close=&#8221;on&#8221; da_alt_close=&#8221;off&#8221; da_dark_close=&#8221;off&#8221; da_not_modal=&#8221;on&#8221; da_is_singular=&#8221;off&#8221; da_with_loader=&#8221;off&#8221; da_has_shadow=&#8221;on&#8221; da_disable_devices=&#8221;off|off|off&#8221;][et_pb_row _builder_version=&#8221;4.27.2&#8243; _module_preset=&#8221;default&#8221; custom_padding=&#8221;0em||0em||true|false&#8221; global_colors_info=&#8221;{}&#8221;][et_pb_column type=&#8221;4_4&#8243; _builder_version=&#8221;4.27.2&#8243; _module_preset=&#8221;default&#8221; global_colors_info=&#8221;{}&#8221;][et_pb_icon font_icon=&#8221;&#xf1b0;||fa||900&#8243; icon_color=&#8221;rgba(244,235,213,0.35)&#8221; align=&#8221;left&#8221; icon_width_tablet=&#8221;&#8221; icon_width_phone=&#8221;75px&#8221; icon_width_last_edited=&#8221;on|phone&#8221; _builder_version=&#8221;4.27.3&#8243; _module_preset=&#8221;default&#8221; transform_translate=&#8221;-30px|0px&#8221; transform_translate_linked=&#8221;off&#8221; transform_rotate=&#8221;0deg|0deg|-20deg&#8221; global_colors_info=&#8221;{}&#8221;][\/et_pb_icon][et_pb_text _builder_version=&#8221;4.27.3&#8243; _module_preset=&#8221;default&#8221; text_font=&#8221;||||||||&#8221; text_text_color=&#8221;#ECDEB9&#8243; header_font=&#8221;|600||on|||||&#8221; header_text_color=&#8221;#886D96&#8243; header_font_size=&#8221;2.5em&#8221; header_line_height=&#8221;1.1em&#8221; background_layout=&#8221;dark&#8221; custom_margin=&#8221;-5em||||false|false&#8221; header_font_size_tablet=&#8221;3em&#8221; header_font_size_phone=&#8221;1.8em&#8221; header_font_size_last_edited=&#8221;on|phone&#8221; locked=&#8221;off&#8221; global_colors_info=&#8221;{}&#8221;]<\/p>\n<h1>Pol\u00edtica de cookies (UE)<\/h1>\n<p>[\/et_pb_text][\/et_pb_column][\/et_pb_row][\/et_pb_section][et_pb_section fb_built=&#8221;1&#8243; custom_padding_last_edited=&#8221;on|phone&#8221; admin_label=&#8221;Secci\u00f3n&#8221; _builder_version=&#8221;4.27.3&#8243; _module_preset=&#8221;default&#8221; background_color=&#8221;#F4EBD5&#8243; background_image=&#8221;https:\/\/www.lasreinasdelbiberon.org\/wp-content\/uploads\/2024\/10\/fondo-huellas-4.png&#8221; background_size=&#8221;initial&#8221; background_position=&#8221;bottom_center&#8221; custom_padding=&#8221;||0em||false|false&#8221; custom_padding_tablet=&#8221;||3em||false|false&#8221; custom_padding_phone=&#8221;||1em||false|false&#8221; border_width_top=&#8221;4px&#8221; border_color_top=&#8221;#8D9C85&#8243; border_style_top=&#8221;dotted&#8221; global_colors_info=&#8221;{}&#8221; da_is_popup=&#8221;off&#8221; da_exit_intent=&#8221;off&#8221; da_has_close=&#8221;on&#8221; da_alt_close=&#8221;off&#8221; da_dark_close=&#8221;off&#8221; da_not_modal=&#8221;on&#8221; da_is_singular=&#8221;off&#8221; da_with_loader=&#8221;off&#8221; da_has_shadow=&#8221;on&#8221; da_disable_devices=&#8221;off|off|off&#8221;][et_pb_row custom_padding_last_edited=&#8221;off|desktop&#8221; _builder_version=&#8221;4.27.3&#8243; _module_preset=&#8221;default&#8221; custom_padding=&#8221;0px||||false|false&#8221; custom_padding_phone=&#8221;0px||||false|false&#8221; global_colors_info=&#8221;{}&#8221;][et_pb_column type=&#8221;4_4&#8243; _builder_version=&#8221;4.27.2&#8243; _module_preset=&#8221;default&#8221; global_colors_info=&#8221;{}&#8221;][et_pb_text _builder_version=&#8221;4.27.3&#8243; _module_preset=&#8221;default&#8221; text_text_color=&#8221;#333333&#8243; header_2_text_color=&#8221;#00471B&#8221; header_2_font_size=&#8221;30px&#8221; header_3_text_color=&#8221;#00471B&#8221; header_3_font_size=&#8221;25px&#8221; hover_enabled=&#8221;0&#8243; locked=&#8221;off&#8221; global_colors_info=&#8221;{}&#8221; sticky_enabled=&#8221;0&#8243;]<\/p>\n<p>Nom de la *cookie.Esta pol\u00edtica de cookies va ser actualitzada per \u00faltima vegada el 16\/09\/2021 i s&#8217;aplica als ciutadans i residents legals permanents de l&#8217;Espai Econ\u00f2mic Europeu i Su\u00efssa.<\/p>\n<h2>1. Introducci\u00f3<\/h2>\n<p>La nostra web, reinasdelbiberon.org (d&#8217;ara en avant: \u00abla web\u00bb) utilitza cookies i altres tecnologies relacionades (per a major comoditat, totes les tecnologies es denominen \u00abcookies\u00bb). Les cookies tamb\u00e9 s\u00f3n col\u00b7locades per tercers als quals hem contractat. En el seg\u00fcent document t&#8217;informem sobre l&#8217;\u00fas de cookies en la nostra web.<\/p>\n<h2>2. Qu\u00e8 s\u00f3n les cookies?<\/h2>\n<p>Una cookie \u00e9s un xicotet arxiu que s&#8217;envia juntament amb les p\u00e0gines d&#8217;esta web i que el teu navegador emmagatzema en el disc dur del seu ordinador o un altre dispositiu. La informaci\u00f3 emmagatzemada pot ser retornada als nostres servidors o als servidors de tercers apropiats durant una visita posterior.<\/p>\n<h2>3.Qu\u00e8 s\u00f3n els scripts?<\/h2>\n<p>Un script \u00e9s un fragment de codi de programa que s&#8217;utilitza per a fer que la nostra web funcione correctament i de manera interactiva. Este codi s&#8217;executa en el nostre servidor o en el teu dispositiu.<\/p>\n<h2>4. Qu\u00e8 \u00e9s una balisa web?<\/h2>\n<p>Una balisa web (o una etiqueta de p\u00edxel) \u00e9s una xicoteta i invisible pe\u00e7a de text o imatge en una web que s&#8217;utilitza per a monitorar el tr\u00e0nsit en una web. Per a aix\u00f2, s&#8217;emmagatzemen diverses dades sobre vost\u00e9 mitjan\u00e7ant estes balises web.<\/p>\n<h2>5. Cookies<\/h2>\n<h3>5.1 Cookies t\u00e8cniques o funcionals<\/h3>\n<p>Algunes cookies asseguren que unes certes parts de la web funcionen correctament i que les teues prefer\u00e8ncies d&#8217;usuari continuen recordant-se. En col\u00b7locar cookies funcionals, et facilitem la visita a la nostra web. D&#8217;esta manera, no necessites introduir repetidament la mateixa informaci\u00f3 quan visites la nostra web i, per exemple, els articles romanen en la teua cistella de la compra fins que hages pagat. Podem col\u00b7locar estes cookies sense el teu consentiment.<\/p>\n<h3>5.2 Cookies d&#8217;estad\u00edstiques<\/h3>\n<p>Utilitzem cookies estad\u00edstiques per a optimitzar l&#8217;experi\u00e8ncia de la web per als nostres usuaris. Amb estes cookies estad\u00edstiques obtenim informaci\u00f3 sobre l&#8217;\u00fas de la nostra web. Et demanem el teu perm\u00eds per a col\u00b7locar cookies d&#8217;estad\u00edstiques.<\/p>\n<h3>5.3 Cookies de m\u00e0rqueting\/seguiment<\/h3>\n<p>Les cookies de m\u00e0rqueting\/seguiment s\u00f3n cookies, o qualsevol altra forma d&#8217;emmagatzematge local, usades per a crear perfils d&#8217;usuari per a mostrar publicitat o per a fer el seguiment de l&#8217;usuari en esta web o en diverses webs amb finalitats de m\u00e0rqueting similars.<\/p>\n<h3>5.4 Xarxes socials<\/h3>\n<p>En la nostra web hem incl\u00f2s contingut de Facebook, Twitter, WhatsApp, Instagram, TikTok i Pinterest per a promoure p\u00e0gines web (p. ex.: \u00abM&#8217;agrada\u00bb, \u00abPinear\u00bb) o compartir (p. ex.: \u00abtuitar\u00bb) en xarxes socials com Facebook, Twitter, WhatsApp, Instagram, TikTok i *Pinterest. Este contingut est\u00e0 incrustat amb codi derivat de Facebook, Twitter, WhatsApp, Instagram, TikTok i Pinterest i guarda cookies. Este contingut podria processar una certa informaci\u00f3 per a anuncis personalitzats.<\/p>\n<p>Per favor llija la pol\u00edtica de privacitat d&#8217;estes xarxes socials (que pot canviar sovint) per a saber que fan amb les seues dades (personals) que processen usant estes cookies. Les dades que reben s\u00f3n anonimitzats el m\u00e0xim possible. Facebook, Twitter, WhatsApp, Instagram, *TikTok i *Pinterest estan situats als Estats Units.<\/p>\n<h2>6. Cookies usades<\/h2>\n<table border=\"1\" style=\"height: 168px; width: 100%; border-collapse: collapse; border-style: solid; background-color: #ffffff;\">\n<tbody>\n<tr style=\"height: 24px;\">\n<td style=\"width: 25.0237%; height: 24px;\"><strong>Nom de la cookie<\/strong><\/td>\n<td style=\"width: 25.0237%; height: 24px;\"><strong>Prove\u00efdor<\/strong><\/td>\n<td style=\"width: 25.0237%; height: 24px;\"><strong>Tipus<\/strong><\/td>\n<td style=\"width: 25.0237%; height: 24px;\"><strong>Caducitat<\/strong><\/td>\n<\/tr>\n<tr style=\"height: 24px;\">\n<td style=\"width: 25.0237%; height: 24px;\">_PHPSESSID<\/td>\n<td style=\"width: 25.0237%; height: 24px;\">reinasdelbiberon.org<\/td>\n<td style=\"width: 25.0237%; height: 24px;\">T\u00e8cnica<\/td>\n<td style=\"width: 25.0237%; height: 24px;\">Sessi\u00f3<\/td>\n<\/tr>\n<tr style=\"height: 24px;\">\n<td style=\"width: 25.0237%; height: 24px;\">_Moove_gdpr_popup<\/td>\n<td style=\"width: 25.0237%; height: 24px;\">reinasdelbiberon.org<\/td>\n<td style=\"width: 25.0237%; height: 24px;\">T\u00e8cnica<\/td>\n<td style=\"width: 25.0237%; height: 24px;\">Sessi\u00f3<\/td>\n<\/tr>\n<tr>\n<td style=\"width: 25.0237%;\">pll_language<\/td>\n<td style=\"width: 25.0237%;\">reinasdelbiberon.org<\/td>\n<td style=\"width: 25.0237%;\">T\u00e8cnica<\/td>\n<td style=\"width: 25.0237%;\">1 any<\/td>\n<\/tr>\n<tr style=\"height: 24px;\">\n<td style=\"width: 25.0237%; height: 24px;\">_ga<\/td>\n<td style=\"width: 25.0237%; height: 24px;\">reinasdelbiberon.org<\/td>\n<td style=\"width: 25.0237%; height: 24px;\">Anal\u00edtica<\/td>\n<td style=\"width: 25.0237%; height: 24px;\">1 any<\/td>\n<\/tr>\n<tr>\n<td style=\"width: 25.0237%;\">_gat<\/td>\n<td style=\"width: 25.0237%;\"><span style=\"font-weight: 400;\">google.com<\/span><\/td>\n<td style=\"width: 25.0237%;\">Anal\u00edtica<\/td>\n<td style=\"width: 25.0237%;\">1 minut<\/td>\n<\/tr>\n<tr style=\"height: 24px;\">\n<td style=\"width: 25.0237%; height: 24px;\">_gid<\/td>\n<td style=\"width: 25.0237%; height: 24px;\"><span style=\"font-weight: 400;\">google.com<\/span><\/td>\n<td style=\"width: 25.0237%; height: 24px;\">Anal\u00edtica<\/td>\n<td style=\"width: 25.0237%; height: 24px;\"><span style=\"font-weight: 400;\">1 dia<\/span><\/td>\n<\/tr>\n<\/tbody>\n<\/table>\n<h2>7. Consentiment<\/h2>\n<p>Quan visites la nostra web per primera vegada, et mostrarem una finestra emergent amb una explicaci\u00f3 sobre les cookies. #Tan prompte com faces clic a \u00abGuardar prefer\u00e8ncies\u00bb, acceptes que usem les categories de cookies i *plugins que has seleccionat en la finestra emergent, tal com es descriu en esta pol\u00edtica de cookies. Pots desactivar l&#8217;\u00fas de cookies a trav\u00e9s del teu navegador, per\u00f2, per favor, tingues en compte que la nostra web pot deixar de funcionar correctament.<\/p>\n<h2>8. Activaci\u00f3\/desactivaci\u00f3 i esborrament de cookies<\/h2>\n<p>Pots utilitzar el teu navegador d&#8217;Internet per a eliminar les cookies de manera autom\u00e0tica o manual. Tamb\u00e9 pots especificar que unes certes cookies no poden ser col\u00b7locades. Una altra opci\u00f3 \u00e9s canviar els ajustos del teu navegador d&#8217;Internet perqu\u00e8 rebes un missatge cada vegada que es col\u00b7loca una cookie. Per a obtindre m\u00e9s informaci\u00f3 sobre estes opcions, consulta les instruccions de la secci\u00f3 \u00abAjuda\u00bb del teu navegador.<\/p>\n<p>Tingues en compte que la nostra web pot no funcionar correctament si totes les cookies estan desactivades. Si esborres les cookies del teu navegador, es tornaran a col\u00b7locar despr\u00e9s del teu consentiment quan tornes a visitar les nostres webs.<\/p>\n<h2>9. Els teus drets respecte a les dades personals<\/h2>\n<p>Tens els seg\u00fcents drets respecte a les teues dades personals:<\/p>\n<ul>\n<li>T\u00e9 dret a saber per qu\u00e8 es necessiten les teues dades personals, qu\u00e8 succeir\u00e0 amb ells i durant quant temps es conservaran.<\/li>\n<li>Dret d&#8217;acc\u00e9s: tens dret a accedir a les teues dades personals que coneixem.<\/li>\n<li>Dret de rectificaci\u00f3: tens dret a completar, rectificar, esborrar o bloquejar les teues dades personals quan ho desitges.<\/li>\n<li>Si ens dones el teu consentiment per a processar les teues dades, tens dret a revocar este consentiment i al fet que s&#8217;eliminen les teues dades personals.<\/li>\n<li>Dret de cessi\u00f3 de les teues dades: tens dret a sol\u00b7licitar totes les teues dades personals al responsable del tractament i a transferir-los \u00edntegrament a un altre responsable del tractament.<\/li>\n<li>Dret d&#8217;oposici\u00f3: pots oposar-te al tractament de les teues dades. Nosaltres complim amb aix\u00f2, llevat que existisquen motius justificats per al processament.<\/li>\n<\/ul>\n<p>Per a exercir estos drets, per favor, contacta amb nosaltres. Per favor, consulta els detalls de contacte en la part inferior d&#8217;esta pol\u00edtica de cookies. Si tens alguna queixa sobre com gestionem les teues dades, ens agradaria que ens la feres saber, per\u00f2 tamb\u00e9 tens dret a enviar una queixa a l&#8217;autoritat supervisora (l&#8217;autoritat de protecci\u00f3 de dades).<\/p>\n<h2>10. Dades de contacte<\/h2>\n<p>Per a preguntes i\/o comentaris sobre la nostra pol\u00edtica de cookies i esta declaraci\u00f3, per favor, contacta amb nosaltres usant les seg\u00fcents dades de contacte:<\/p>\n<p><span class=\"cmplz-contact-organisation\">Les Reines del Biber\u00f3<\/span><br \/><span class=\"cmplz-contact-address\">c\/ verge de Lorda n\u00fam. 3 3r d 03005 Alacant. <\/span><span class=\"cmplz-contact-country\">Espanya.<\/span><br \/>Web<span>:<\/span> <span class=\"cmplz-contact-domain\">lasreinasdelbiberon.org<\/span><br \/>Correu electr\u00f2nic<span>:<\/span> <span class=\"cmplz-contact-email\">lasreinas@fustysolutions.com<\/span><br \/>N\u00famero de tel\u00e8fon: <span class=\"cmplz-contact-telephone\">601135003<\/span><\/p>\n<p>[\/et_pb_text][\/et_pb_column][\/et_pb_row][\/et_pb_section]<\/p>\n","protected":false},"excerpt":{"rendered":"<p>Pol\u00edtica de cookies (UE)Nom de la *cookie.Esta pol\u00edtica de cookies va ser actualitzada per \u00faltima vegada el 16\/09\/2021 i s&#8217;aplica als ciutadans i residents legals permanents de l&#8217;Espai Econ\u00f2mic Europeu [&hellip;]<\/p>\n","protected":false},"author":1,"featured_media":0,"parent":0,"menu_order":0,"comment_status":"closed","ping_status":"closed","template":"","meta":{"_acf_changed":false,"give_campaign_id":0,"_et_pb_use_builder":"on","_et_pb_old_content":"","_et_gb_content_width":"","_price":"","_stock":"","_tribe_ticket_header":"","_tribe_default_ticket_provider":"","_ticket_start_date":"","_ticket_end_date":"","_tribe_ticket_show_description":"","_tribe_ticket_show_not_going":false,"_tribe_ticket_use_global_stock":"","_tribe_ticket_global_stock_level":"","_global_stock_mode":"","_global_stock_cap":"","_tribe_rsvp_for_event":"","_tribe_ticket_going_count":"","_tribe_ticket_not_going_count":"","_tribe_tickets_list":"[]","_tribe_ticket_has_attendee_info_fields":false,"_joinchat":[],"footnotes":""},"class_list":["post-3151","page","type-page","status-publish","hentry"],"acf":[],"campaignId":"","_links":{"self":[{"href":"https:\/\/www.lasreinasdelbiberon.org\/val\/wp-json\/wp\/v2\/pages\/3151","targetHints":{"allow":["GET"]}}],"collection":[{"href":"https:\/\/www.lasreinasdelbiberon.org\/val\/wp-json\/wp\/v2\/pages"}],"about":[{"href":"https:\/\/www.lasreinasdelbiberon.org\/val\/wp-json\/wp\/v2\/types\/page"}],"author":[{"embeddable":true,"href":"https:\/\/www.lasreinasdelbiberon.org\/val\/wp-json\/wp\/v2\/users\/1"}],"replies":[{"embeddable":true,"href":"https:\/\/www.lasreinasdelbiberon.org\/val\/wp-json\/wp\/v2\/comments?post=3151"}],"version-history":[{"count":3,"href":"https:\/\/www.lasreinasdelbiberon.org\/val\/wp-json\/wp\/v2\/pages\/3151\/revisions"}],"predecessor-version":[{"id":3155,"href":"https:\/\/www.lasreinasdelbiberon.org\/val\/wp-json\/wp\/v2\/pages\/3151\/revisions\/3155"}],"wp:attachment":[{"href":"https:\/\/www.lasreinasdelbiberon.org\/val\/wp-json\/wp\/v2\/media?parent=3151"}],"curies":[{"name":"wp","href":"https:\/\/api.w.org\/{rel}","templated":true}]}}