{"id":2910,"date":"2024-11-14T12:53:58","date_gmt":"2024-11-14T11:53:58","guid":{"rendered":"https:\/\/www.lasreinasdelbiberon.org\/teaming\/"},"modified":"2024-11-27T18:45:40","modified_gmt":"2024-11-27T17:45:40","slug":"teaming","status":"publish","type":"page","link":"https:\/\/www.lasreinasdelbiberon.org\/val\/dona\/teaming\/","title":{"rendered":"Teaming"},"content":{"rendered":"<p>[et_pb_section fb_built=&#8221;1&#8243; prev_background_color=&#8221;#cbd2c8&#8243; _builder_version=&#8221;4.27.2&#8243; _module_preset=&#8221;default&#8221; background_enable_color=&#8221;off&#8221; use_background_color_gradient=&#8221;on&#8221; background_color_gradient_stops=&#8221;#cbd2c8 9%|#8d9c85 100%&#8221; background_enable_image=&#8221;off&#8221; custom_padding=&#8221;1em||1em||true|false&#8221; top_divider_style=&#8221;none&#8221; top_divider_height_tablet=&#8221;9px&#8221; top_divider_height_phone=&#8221;8px&#8221; top_divider_height_last_edited=&#8221;on|tablet&#8221; top_divider_repeat_tablet=&#8221;20x&#8221; top_divider_repeat_phone=&#8221;18x&#8221; top_divider_repeat_last_edited=&#8221;on|phone&#8221; bottom_divider_style=&#8221;waves2&#8243; bottom_divider_color=&#8221;rgba(244,235,213,0.16)&#8221; bottom_divider_height=&#8221;140px&#8221; bottom_divider_flip=&#8221;vertical&#8221; bottom_divider_height_tablet=&#8221;110px&#8221; bottom_divider_height_phone=&#8221;80px&#8221; bottom_divider_height_last_edited=&#8221;on|tablet&#8221; bottom_divider_repeat_tablet=&#8221;20x&#8221; bottom_divider_repeat_phone=&#8221;18x&#8221; bottom_divider_repeat_last_edited=&#8221;off|desktop&#8221; background_last_edited=&#8221;off|desktop&#8221; use_background_color_gradient_tablet=&#8221;on&#8221; background_color_gradient_stops_tablet=&#8221;#cbd2c8 0%|#8d9c85 7%|#886d96 100%&#8221; global_colors_info=&#8221;{}&#8221;][et_pb_row _builder_version=&#8221;4.27.2&#8243; _module_preset=&#8221;default&#8221; custom_padding=&#8221;0em||0em||true|false&#8221; global_colors_info=&#8221;{}&#8221;][et_pb_column type=&#8221;4_4&#8243; _builder_version=&#8221;4.27.2&#8243; _module_preset=&#8221;default&#8221; global_colors_info=&#8221;{}&#8221;][et_pb_icon font_icon=&#8221;&#xf1b0;||fa||900&#8243; icon_color=&#8221;rgba(244,235,213,0.35)&#8221; align=&#8221;left&#8221; icon_width_tablet=&#8221;&#8221; icon_width_phone=&#8221;75px&#8221; icon_width_last_edited=&#8221;on|phone&#8221; _builder_version=&#8221;4.27.2&#8243; _module_preset=&#8221;default&#8221; transform_translate=&#8221;-30px|0px&#8221; transform_translate_linked=&#8221;off&#8221; transform_rotate=&#8221;0deg|0deg|-20deg&#8221; global_colors_info=&#8221;{}&#8221;][\/et_pb_icon][et_pb_text _builder_version=&#8221;4.27.3&#8243; _module_preset=&#8221;default&#8221; text_font=&#8221;||||||||&#8221; text_text_color=&#8221;#ECDEB9&#8243; header_font=&#8221;|600||on|||||&#8221; header_text_color=&#8221;#886D96&#8243; header_font_size=&#8221;2.5em&#8221; header_line_height=&#8221;1.1em&#8221; background_layout=&#8221;dark&#8221; custom_margin=&#8221;-5em||||false|false&#8221; header_font_size_tablet=&#8221;3em&#8221; header_font_size_phone=&#8221;1.8em&#8221; header_font_size_last_edited=&#8221;on|phone&#8221; locked=&#8221;off&#8221; global_colors_info=&#8221;{}&#8221;]<\/p>\n<h1>Teaming<\/h1>\n<p>[\/et_pb_text][\/et_pb_column][\/et_pb_row][\/et_pb_section][et_pb_section fb_built=&#8221;1&#8243; custom_padding_last_edited=&#8221;on|phone&#8221; admin_label=&#8221;Secci\u00f3n&#8221; _builder_version=&#8221;4.27.3&#8243; _module_preset=&#8221;default&#8221; background_color=&#8221;#F4EBD5&#8243; background_image=&#8221;https:\/\/www.lasreinasdelbiberon.org\/wp-content\/uploads\/2024\/10\/fondo-huellas-4.png&#8221; background_size=&#8221;initial&#8221; background_position=&#8221;bottom_center&#8221; custom_margin=&#8221;0px||||false|false&#8221; custom_padding=&#8221;0px||5em||false|false&#8221; custom_padding_tablet=&#8221;||3em||false|false&#8221; custom_padding_phone=&#8221;||1em||false|false&#8221; border_width_top=&#8221;4px&#8221; border_color_top=&#8221;#8D9C85&#8243; border_style_top=&#8221;dotted&#8221; global_colors_info=&#8221;{}&#8221;][et_pb_row column_structure=&#8221;1_3,1_3,1_3&#8243; custom_padding_last_edited=&#8221;on|phone&#8221; _builder_version=&#8221;4.27.2&#8243; _module_preset=&#8221;default&#8221; custom_padding=&#8221;0px||||false|false&#8221; custom_padding_tablet=&#8221;0px||||false|false&#8221; custom_padding_phone=&#8221;0px||0px||false|false&#8221; global_colors_info=&#8221;{}&#8221;][et_pb_column type=&#8221;1_3&#8243; _builder_version=&#8221;4.27.2&#8243; _module_preset=&#8221;default&#8221; global_colors_info=&#8221;{}&#8221;][\/et_pb_column][et_pb_column type=&#8221;1_3&#8243; _builder_version=&#8221;4.27.2&#8243; _module_preset=&#8221;default&#8221; global_colors_info=&#8221;{}&#8221;][\/et_pb_column][et_pb_column type=&#8221;1_3&#8243; _builder_version=&#8221;4.27.2&#8243; _module_preset=&#8221;default&#8221; global_colors_info=&#8221;{}&#8221;][et_pb_icon font_icon=&#8221;&#xf4c0;||fa||900&#8243; icon_color=&#8221;#ECDEB9&#8243; icon_width=&#8221;35px&#8221; align=&#8221;right&#8221; icon_width_tablet=&#8221;50px&#8221; icon_width_phone=&#8221;22px&#8221; icon_width_last_edited=&#8221;on|phone&#8221; _builder_version=&#8221;4.27.2&#8243; _module_preset=&#8221;default&#8221; background_color=&#8221;#886D96&#8243; transform_rotate=&#8221;0deg|0deg|17deg&#8221; custom_margin=&#8221;-2em||||false|false&#8221; custom_margin_tablet=&#8221;-3em||||false|false&#8221; custom_margin_phone=&#8221;-2em||||false|false&#8221; custom_margin_last_edited=&#8221;on|phone&#8221; custom_padding=&#8221;20px|18px|20px|18px|true|true&#8221; custom_padding_tablet=&#8221;20px|18px|20px|18px|true|true&#8221; custom_padding_phone=&#8221;16px|14px|16px|14px|true|true&#8221; custom_padding_last_edited=&#8221;on|phone&#8221; animation_direction=&#8221;bottom&#8221; border_radii=&#8221;on|150px|150px|150px|150px&#8221; global_colors_info=&#8221;{}&#8221;][\/et_pb_icon][\/et_pb_column][\/et_pb_row][et_pb_row custom_padding_last_edited=&#8221;off|desktop&#8221; _builder_version=&#8221;4.27.3&#8243; _module_preset=&#8221;default&#8221; custom_padding_phone=&#8221;0px||||false|false&#8221; hover_enabled=&#8221;0&#8243; global_colors_info=&#8221;{}&#8221; custom_padding=&#8221;0px||||false|false&#8221; sticky_enabled=&#8221;0&#8243;][et_pb_column type=&#8221;4_4&#8243; _builder_version=&#8221;4.27.2&#8243; _module_preset=&#8221;default&#8221; global_colors_info=&#8221;{}&#8221;][et_pb_text _builder_version=&#8221;4.27.3&#8243; _module_preset=&#8221;default&#8221; text_text_color=&#8221;#333333&#8243; global_colors_info=&#8221;{}&#8221;]<\/p>\n<p>Actualment tenim oberts dos grups de teaming:<\/p>\n<p>[\/et_pb_text][\/et_pb_column][\/et_pb_row][et_pb_row column_structure=&#8221;1_2,1_2&#8243; _builder_version=&#8221;4.27.3&#8243; _module_preset=&#8221;default&#8221; global_colors_info=&#8221;{}&#8221;][et_pb_column type=&#8221;1_2&#8243; _builder_version=&#8221;4.27.3&#8243; _module_preset=&#8221;default&#8221; background_color=&#8221;#ECDEB9&#8243; custom_padding=&#8221;2em|4em|2em|4em|true|true&#8221; custom_padding_tablet=&#8221;2em|4em|2em|4em|true|true&#8221; custom_padding_phone=&#8221;|1em||1em|true|true&#8221; custom_padding_last_edited=&#8221;on|phone&#8221; border_radii=&#8221;on|20px|20px|20px|20px&#8221; box_shadow_style=&#8221;preset5&#8243; box_shadow_color=&#8221;#886D96&#8243; global_colors_info=&#8221;{}&#8221;][et_pb_blurb title=&#8221;Les Reines del Biber\u00f3: Lloguer i gastos de la nostra seu&#8221; image=&#8221;https:\/\/www.lasreinasdelbiberon.org\/wp-content\/uploads\/2024\/11\/teaming-1.jpg&#8221; _builder_version=&#8221;4.27.3&#8243; _module_preset=&#8221;default&#8221; header_level=&#8221;h2&#8243; header_text_color=&#8221;#00471B&#8221; body_text_color=&#8221;#000000&#8243; background_enable_color=&#8221;off&#8221; text_orientation=&#8221;center&#8221; animation=&#8221;off&#8221; border_width_all_image=&#8221;5px&#8221; border_color_all_image=&#8221;#D0BCE3&#8243; global_colors_info=&#8221;{}&#8221;]<\/p>\n<p>Dona 1 \u20ac al mes al Grup de Teaming<\/p>\n<p>[\/et_pb_blurb][et_pb_button button_url=&#8221;https:\/\/www.teaming.net\/lasreinasdelbiberon&#8221; url_new_window=&#8221;on&#8221; button_text=&#8221;Uneix-te al meu grup&#8221; button_alignment=&#8221;center&#8221; _builder_version=&#8221;4.27.3&#8243; _module_preset=&#8221;default&#8221; custom_button=&#8221;on&#8221; button_text_size=&#8221;22px&#8221; button_text_color=&#8221;#F4EBD5&#8243; button_bg_color=&#8221;#00471B&#8221; button_border_width=&#8221;0px&#8221; button_border_radius=&#8221;16px&#8221; button_font=&#8221;&#8211;et_global_heading_font|||on|||||&#8221; button_icon=&#8221;&#xf061;||fa||900&#8243; custom_padding_tablet=&#8221;&#8221; custom_padding_phone=&#8221;0.1em||0em||false|false&#8221; custom_padding_last_edited=&#8221;on|phone&#8221; scroll_vertical_motion=&#8221;0|50|50|100|1|0|-1&#8243; button_text_size_tablet=&#8221;22px&#8221; button_text_size_phone=&#8221;18px&#8221; button_text_size_last_edited=&#8221;on|phone&#8221; scroll_vertical_motion_tablet=&#8221;0|50|50|100|1|0|-1&#8243; scroll_vertical_motion_phone=&#8221;0|50|50|100|0|0|0&#8243; scroll_vertical_motion_last_edited=&#8221;on|phone&#8221; locked=&#8221;off&#8221; global_colors_info=&#8221;{}&#8221;][\/et_pb_button][\/et_pb_column][et_pb_column type=&#8221;1_2&#8243; _builder_version=&#8221;4.27.3&#8243; _module_preset=&#8221;default&#8221; background_color=&#8221;#ECDEB9&#8243; custom_padding=&#8221;2em|4em|2em|4em|true|true&#8221; custom_padding_tablet=&#8221;2em|4em|2em|4em|true|true&#8221; custom_padding_phone=&#8221;|1em||1em|true|true&#8221; custom_padding_last_edited=&#8221;on|phone&#8221; border_radii=&#8221;on|20px|20px|20px|20px&#8221; box_shadow_style=&#8221;preset5&#8243; box_shadow_color=&#8221;#886D96&#8243; global_colors_info=&#8221;{}&#8221;][et_pb_blurb title=&#8221;Les Reines Del Biber\u00f3: Emerg\u00e8ncies veterin\u00e0ries.&#8221; image=&#8221;https:\/\/www.lasreinasdelbiberon.org\/wp-content\/uploads\/2024\/11\/teaming-2.jpg&#8221; _builder_version=&#8221;4.27.3&#8243; _module_preset=&#8221;default&#8221; header_level=&#8221;h2&#8243; header_text_color=&#8221;#00471B&#8221; body_text_color=&#8221;#000000&#8243; background_enable_color=&#8221;off&#8221; text_orientation=&#8221;center&#8221; animation=&#8221;off&#8221; border_width_all_image=&#8221;5px&#8221; border_color_all_image=&#8221;#D0BCE3&#8243; global_colors_info=&#8221;{}&#8221;]<\/p>\n<p>Dona 1 \u20ac al mes al Grup de Teaming<\/p>\n<p>[\/et_pb_blurb][et_pb_button button_url=&#8221;https:\/\/www.teaming.net\/lasreinasdelbiberonsegundoeuro&#8221; url_new_window=&#8221;on&#8221; button_text=&#8221;Uneix-te al meu grup&#8221; button_alignment=&#8221;center&#8221; _builder_version=&#8221;4.27.3&#8243; _module_preset=&#8221;default&#8221; custom_button=&#8221;on&#8221; button_text_size=&#8221;22px&#8221; button_text_color=&#8221;#F4EBD5&#8243; button_bg_color=&#8221;#00471B&#8221; button_border_width=&#8221;0px&#8221; button_border_radius=&#8221;16px&#8221; button_font=&#8221;&#8211;et_global_heading_font|||on|||||&#8221; button_icon=&#8221;&#xf061;||fa||900&#8243; custom_padding_tablet=&#8221;&#8221; custom_padding_phone=&#8221;0.1em||0em||false|false&#8221; custom_padding_last_edited=&#8221;on|phone&#8221; scroll_vertical_motion=&#8221;0|50|50|100|1|0|-1&#8243; button_text_size_tablet=&#8221;22px&#8221; button_text_size_phone=&#8221;18px&#8221; button_text_size_last_edited=&#8221;on|phone&#8221; scroll_vertical_motion_tablet=&#8221;0|50|50|100|1|0|-1&#8243; scroll_vertical_motion_phone=&#8221;0|50|50|100|0|0|0&#8243; scroll_vertical_motion_last_edited=&#8221;on|phone&#8221; locked=&#8221;off&#8221; global_colors_info=&#8221;{}&#8221;][\/et_pb_button][\/et_pb_column][\/et_pb_row][\/et_pb_section]<\/p>\n","protected":false},"excerpt":{"rendered":"<p>TeamingActualment tenim oberts dos grups de teaming:Dona 1 \u20ac al mes al Grup de TeamingDona 1 \u20ac al mes al Grup de Teaming<\/p>\n","protected":false},"author":1,"featured_media":0,"parent":3133,"menu_order":0,"comment_status":"closed","ping_status":"closed","template":"","meta":{"_acf_changed":false,"give_campaign_id":0,"_et_pb_use_builder":"on","_et_pb_old_content":"","_et_gb_content_width":"","_price":"","_stock":"","_tribe_ticket_header":"","_tribe_default_ticket_provider":"","_ticket_start_date":"","_ticket_end_date":"","_tribe_ticket_show_description":"","_tribe_ticket_show_not_going":false,"_tribe_ticket_use_global_stock":"","_tribe_ticket_global_stock_level":"","_global_stock_mode":"","_global_stock_cap":"","_tribe_rsvp_for_event":"","_tribe_ticket_going_count":"","_tribe_ticket_not_going_count":"","_tribe_tickets_list":"[]","_tribe_ticket_has_attendee_info_fields":false,"_joinchat":[],"footnotes":""},"class_list":["post-2910","page","type-page","status-publish","hentry"],"acf":[],"campaignId":"","_links":{"self":[{"href":"https:\/\/www.lasreinasdelbiberon.org\/val\/wp-json\/wp\/v2\/pages\/2910","targetHints":{"allow":["GET"]}}],"collection":[{"href":"https:\/\/www.lasreinasdelbiberon.org\/val\/wp-json\/wp\/v2\/pages"}],"about":[{"href":"https:\/\/www.lasreinasdelbiberon.org\/val\/wp-json\/wp\/v2\/types\/page"}],"author":[{"embeddable":true,"href":"https:\/\/www.lasreinasdelbiberon.org\/val\/wp-json\/wp\/v2\/users\/1"}],"replies":[{"embeddable":true,"href":"https:\/\/www.lasreinasdelbiberon.org\/val\/wp-json\/wp\/v2\/comments?post=2910"}],"version-history":[{"count":2,"href":"https:\/\/www.lasreinasdelbiberon.org\/val\/wp-json\/wp\/v2\/pages\/2910\/revisions"}],"predecessor-version":[{"id":2912,"href":"https:\/\/www.lasreinasdelbiberon.org\/val\/wp-json\/wp\/v2\/pages\/2910\/revisions\/2912"}],"up":[{"embeddable":true,"href":"https:\/\/www.lasreinasdelbiberon.org\/val\/wp-json\/wp\/v2\/pages\/3133"}],"wp:attachment":[{"href":"https:\/\/www.lasreinasdelbiberon.org\/val\/wp-json\/wp\/v2\/media?parent=2910"}],"curies":[{"name":"wp","href":"https:\/\/api.w.org\/{rel}","templated":true}]}}