{"id":2895,"date":"2024-11-14T14:39:35","date_gmt":"2024-11-14T13:39:35","guid":{"rendered":"https:\/\/www.lasreinasdelbiberon.org\/agraiments\/"},"modified":"2024-11-27T18:25:34","modified_gmt":"2024-11-27T17:25:34","slug":"agraiments","status":"publish","type":"page","link":"https:\/\/www.lasreinasdelbiberon.org\/val\/agraiments\/","title":{"rendered":"Agra\u00efments"},"content":{"rendered":"<p>[et_pb_section fb_built=&#8221;1&#8243; prev_background_color=&#8221;#cbd2c8&#8243; _builder_version=&#8221;4.27.2&#8243; _module_preset=&#8221;default&#8221; background_enable_color=&#8221;off&#8221; use_background_color_gradient=&#8221;on&#8221; background_color_gradient_stops=&#8221;#cbd2c8 9%|#8d9c85 100%&#8221; background_enable_image=&#8221;off&#8221; custom_padding=&#8221;1em||1em||true|false&#8221; top_divider_style=&#8221;none&#8221; top_divider_height_tablet=&#8221;9px&#8221; top_divider_height_phone=&#8221;8px&#8221; top_divider_height_last_edited=&#8221;on|tablet&#8221; top_divider_repeat_tablet=&#8221;20x&#8221; top_divider_repeat_phone=&#8221;18x&#8221; top_divider_repeat_last_edited=&#8221;on|phone&#8221; bottom_divider_style=&#8221;waves2&#8243; bottom_divider_color=&#8221;rgba(244,235,213,0.16)&#8221; bottom_divider_height=&#8221;140px&#8221; bottom_divider_flip=&#8221;vertical&#8221; bottom_divider_height_tablet=&#8221;110px&#8221; bottom_divider_height_phone=&#8221;80px&#8221; bottom_divider_height_last_edited=&#8221;on|tablet&#8221; bottom_divider_repeat_tablet=&#8221;20x&#8221; bottom_divider_repeat_phone=&#8221;18x&#8221; bottom_divider_repeat_last_edited=&#8221;off|desktop&#8221; background_last_edited=&#8221;off|desktop&#8221; use_background_color_gradient_tablet=&#8221;on&#8221; background_color_gradient_stops_tablet=&#8221;#cbd2c8 0%|#8d9c85 7%|#886d96 100%&#8221; global_colors_info=&#8221;{}&#8221; da_is_popup=&#8221;off&#8221; da_exit_intent=&#8221;off&#8221; da_has_close=&#8221;on&#8221; da_alt_close=&#8221;off&#8221; da_dark_close=&#8221;off&#8221; da_not_modal=&#8221;on&#8221; da_is_singular=&#8221;off&#8221; da_with_loader=&#8221;off&#8221; da_has_shadow=&#8221;on&#8221; da_disable_devices=&#8221;off|off|off&#8221;][et_pb_row _builder_version=&#8221;4.27.2&#8243; _module_preset=&#8221;default&#8221; custom_padding=&#8221;0em||0em||true|false&#8221; global_colors_info=&#8221;{}&#8221;][et_pb_column type=&#8221;4_4&#8243; _builder_version=&#8221;4.27.2&#8243; _module_preset=&#8221;default&#8221; global_colors_info=&#8221;{}&#8221;][et_pb_icon font_icon=&#8221;&#xf1b0;||fa||900&#8243; icon_color=&#8221;rgba(244,235,213,0.35)&#8221; align=&#8221;left&#8221; icon_width_tablet=&#8221;&#8221; icon_width_phone=&#8221;75px&#8221; icon_width_last_edited=&#8221;on|phone&#8221; _builder_version=&#8221;4.27.3&#8243; _module_preset=&#8221;default&#8221; transform_translate=&#8221;-30px|0px&#8221; transform_translate_linked=&#8221;off&#8221; transform_rotate=&#8221;0deg|0deg|-20deg&#8221; global_colors_info=&#8221;{}&#8221;][\/et_pb_icon][et_pb_text _builder_version=&#8221;4.27.3&#8243; _module_preset=&#8221;default&#8221; text_font=&#8221;||||||||&#8221; text_text_color=&#8221;#ECDEB9&#8243; header_font=&#8221;|600||on|||||&#8221; header_text_color=&#8221;#886D96&#8243; header_font_size=&#8221;2.5em&#8221; header_line_height=&#8221;1.1em&#8221; background_layout=&#8221;dark&#8221; custom_margin=&#8221;-5em||||false|false&#8221; header_font_size_tablet=&#8221;3em&#8221; header_font_size_phone=&#8221;1.8em&#8221; header_font_size_last_edited=&#8221;on|phone&#8221; locked=&#8221;off&#8221; global_colors_info=&#8221;{}&#8221;]<\/p>\n<h1>Agra\u00efments<\/h1>\n<p>[\/et_pb_text][\/et_pb_column][\/et_pb_row][\/et_pb_section][et_pb_section fb_built=&#8221;1&#8243; custom_padding_last_edited=&#8221;on|phone&#8221; admin_label=&#8221;Secci\u00f3n&#8221; _builder_version=&#8221;4.27.3&#8243; _module_preset=&#8221;default&#8221; custom_padding_tablet=&#8221;||0em||false|false&#8221; custom_padding_phone=&#8221;||0em||false|false&#8221; top_divider_height=&#8221;208px&#8221; border_width_top=&#8221;4px&#8221; border_color_top=&#8221;#8D9C85&#8243; border_style_top=&#8221;dotted&#8221; global_colors_info=&#8221;{}&#8221; background_color=&#8221;#F4EBD5&#8243; background_image=&#8221;https:\/\/www.lasreinasdelbiberon.org\/wp-content\/uploads\/2024\/10\/fondo-huellas-4.png&#8221; background_size=&#8221;initial&#8221; background_position=&#8221;bottom_center&#8221; custom_padding=&#8221;||0px||false|false&#8221; da_is_popup=&#8221;off&#8221; da_exit_intent=&#8221;off&#8221; da_has_close=&#8221;on&#8221; da_alt_close=&#8221;off&#8221; da_dark_close=&#8221;off&#8221; da_not_modal=&#8221;on&#8221; da_is_singular=&#8221;off&#8221; da_with_loader=&#8221;off&#8221; da_has_shadow=&#8221;on&#8221; da_disable_devices=&#8221;off|off|off&#8221;][et_pb_row column_structure=&#8221;3_4,1_4&#8243; _builder_version=&#8221;4.27.3&#8243; _module_preset=&#8221;default&#8221; custom_padding=&#8221;0px||0px||true|false&#8221; global_colors_info=&#8221;{}&#8221;][et_pb_column type=&#8221;3_4&#8243; _builder_version=&#8221;4.27.3&#8243; _module_preset=&#8221;default&#8221; global_colors_info=&#8221;{}&#8221;][et_pb_text _builder_version=&#8221;4.27.3&#8243; _module_preset=&#8221;default&#8221; text_font=&#8221;&#8211;et_global_heading_font||||||||&#8221; text_text_color=&#8221;#00471B&#8221; text_font_size=&#8221;1.6em&#8221; text_line_height=&#8221;1.4em&#8221; global_colors_info=&#8221;{}&#8221;]<\/p>\n<p>Gr\u00e0cies per Ajudar a Canviar Vides!<\/p>\n<p>[\/et_pb_text][et_pb_text _builder_version=&#8221;4.27.3&#8243; _module_preset=&#8221;default&#8221; text_text_color=&#8221;#333333&#8243; custom_margin=&#8221;||2em||false|false&#8221; global_colors_info=&#8221;{}&#8221;]<\/p>\n<p>En Les Reines del Biber\u00f3, creiem que cada vida conta, i gr\u00e0cies a la generositat dels nostres guardians i socis, podem oferir als nostres peluts la cura, amor i atenci\u00f3 que mereixen. Sou una part fonamental de la nostra missi\u00f3, i volem dedicar este espai per a expressar el nostre m\u00e9s sincer agra\u00efment.<\/p>\n<p>[\/et_pb_text][\/et_pb_column][et_pb_column type=&#8221;1_4&#8243; _builder_version=&#8221;4.27.3&#8243; _module_preset=&#8221;default&#8221; global_colors_info=&#8221;{}&#8221;][\/et_pb_column][\/et_pb_row][et_pb_row column_structure=&#8221;3_4,1_4&#8243; _builder_version=&#8221;4.27.3&#8243; _module_preset=&#8221;default&#8221; custom_padding=&#8221;0px||0px||true|false&#8221; global_colors_info=&#8221;{}&#8221;][et_pb_column type=&#8221;3_4&#8243; _builder_version=&#8221;4.27.3&#8243; _module_preset=&#8221;default&#8221; global_colors_info=&#8221;{}&#8221;][et_pb_text _builder_version=&#8221;4.27.3&#8243; _module_preset=&#8221;default&#8221; text_font=&#8221;&#8211;et_global_heading_font||||||||&#8221; text_text_color=&#8221;#00471B&#8221; text_font_size=&#8221;1.6em&#8221; text_line_height=&#8221;1.4em&#8221; global_colors_info=&#8221;{}&#8221;]<\/p>\n<p>Qui s\u00f3n els nostres guardians i socis?<\/p>\n<p>[\/et_pb_text][et_pb_text _builder_version=&#8221;4.27.3&#8243; _module_preset=&#8221;default&#8221; text_text_color=&#8221;#333333&#8243; custom_margin=&#8221;||2em||false|false&#8221; global_colors_info=&#8221;{}&#8221;]<\/p>\n<p>S\u00f3n persones meravelloses que han decidit contribuir mensualment per a fer costat als nostres gossos lactants, cadells, mam\u00e0s i a altres peluts en necessitat.<\/p>\n<p>[\/et_pb_text][\/et_pb_column][et_pb_column type=&#8221;1_4&#8243; _builder_version=&#8221;4.27.3&#8243; _module_preset=&#8221;default&#8221; global_colors_info=&#8221;{}&#8221;][\/et_pb_column][\/et_pb_row][et_pb_row column_structure=&#8221;3_4,1_4&#8243; _builder_version=&#8221;4.27.3&#8243; _module_preset=&#8221;default&#8221; custom_padding=&#8221;0px||||false|false&#8221; global_colors_info=&#8221;{}&#8221;][et_pb_column type=&#8221;3_4&#8243; _builder_version=&#8221;4.27.3&#8243; _module_preset=&#8221;default&#8221; global_colors_info=&#8221;{}&#8221;][et_pb_text _builder_version=&#8221;4.27.3&#8243; _module_preset=&#8221;default&#8221; text_font=&#8221;&#8211;et_global_heading_font||||||||&#8221; text_text_color=&#8221;#00471B&#8221; text_font_size=&#8221;1.6em&#8221; text_line_height=&#8221;1.4em&#8221; global_colors_info=&#8221;{}&#8221;]<\/p>\n<p>L&#8217;impacte del teu suport<\/p>\n<p>[\/et_pb_text][et_pb_text _builder_version=&#8221;4.27.3&#8243; _module_preset=&#8221;default&#8221; text_text_color=&#8221;#333333&#8243; custom_margin=&#8221;||2em||false|false&#8221; global_colors_info=&#8221;{}&#8221;]<\/p>\n<p>Cada euro que dones es transforma en menjar, refugi, i atenci\u00f3 m\u00e8dica per als nostres gossos. Gr\u00e0cies a la teua contribuci\u00f3, podem:<\/p>\n<p>[\/et_pb_text][et_pb_blurb use_icon=&#8221;on&#8221; font_icon=&#8221;&#xf6d7;||fa||900&#8243; icon_color=&#8221;#ECDEB9&#8243; image_icon_background_color=&#8221;#8D9C85&#8243; icon_placement=&#8221;left&#8221; image_icon_width=&#8221;30px&#8221; content_max_width=&#8221;100%&#8221; image_icon_width_tablet=&#8221;30px&#8221; image_icon_width_phone=&#8221;18px&#8221; image_icon_width_last_edited=&#8221;on|phone&#8221; _builder_version=&#8221;4.27.3&#8243; _module_preset=&#8221;default&#8221; body_text_color=&#8221;#333333&#8243; image_icon_custom_padding=&#8221;10px|10px|10px|10px|true|true&#8221; image_icon_custom_padding_tablet=&#8221;10px|10px|10px|10px|true|true&#8221; image_icon_custom_padding_phone=&#8221;8px|8px|8px|8px|true|true&#8221; image_icon_custom_padding_last_edited=&#8221;on|phone&#8221; width=&#8221;70%&#8221; width_tablet=&#8221;100%&#8221; width_phone=&#8221;100%&#8221; width_last_edited=&#8221;on|phone&#8221; custom_margin=&#8221;||1em||false|false&#8221; border_radii_image=&#8221;on|25px|25px|25px|25px&#8221; global_colors_info=&#8221;{}&#8221;]<\/p>\n<p>Oferir alimentaci\u00f3 de qualitat als nostres peluts, assegurant que cresquen sans i forts.<\/p>\n<p>[\/et_pb_blurb][et_pb_blurb use_icon=&#8221;on&#8221; font_icon=&#8221;&#xf48e;||fa||900&#8243; icon_color=&#8221;#ECDEB9&#8243; image_icon_background_color=&#8221;#8D9C85&#8243; icon_placement=&#8221;left&#8221; image_icon_width=&#8221;30px&#8221; content_max_width=&#8221;100%&#8221; image_icon_width_tablet=&#8221;30px&#8221; image_icon_width_phone=&#8221;18px&#8221; image_icon_width_last_edited=&#8221;on|phone&#8221; _builder_version=&#8221;4.27.3&#8243; _module_preset=&#8221;default&#8221; body_text_color=&#8221;#333333&#8243; image_icon_custom_padding=&#8221;10px|10px|10px|10px|true|true&#8221; image_icon_custom_padding_tablet=&#8221;10px|10px|10px|10px|true|true&#8221; image_icon_custom_padding_phone=&#8221;8px|8px|8px|8px|true|true&#8221; image_icon_custom_padding_last_edited=&#8221;on|phone&#8221; width=&#8221;70%&#8221; width_tablet=&#8221;100%&#8221; width_phone=&#8221;100%&#8221; width_last_edited=&#8221;on|phone&#8221; custom_margin=&#8221;||1em||false|false&#8221; border_radii_image=&#8221;on|25px|25px|25px|25px&#8221; global_colors_info=&#8221;{}&#8221;]<\/p>\n<p>Proveir cures veterin\u00e0ries essencials, des de vacunes fins a tractaments especialitzats.<\/p>\n<p>[\/et_pb_blurb][et_pb_blurb use_icon=&#8221;on&#8221; font_icon=&#8221;&#xf015;||fa||900&#8243; icon_color=&#8221;#ECDEB9&#8243; image_icon_background_color=&#8221;#8D9C85&#8243; icon_placement=&#8221;left&#8221; image_icon_width=&#8221;30px&#8221; content_max_width=&#8221;100%&#8221; image_icon_width_tablet=&#8221;30px&#8221; image_icon_width_phone=&#8221;18px&#8221; image_icon_width_last_edited=&#8221;on|phone&#8221; _builder_version=&#8221;4.27.3&#8243; _module_preset=&#8221;default&#8221; body_text_color=&#8221;#333333&#8243; image_icon_custom_padding=&#8221;10px|10px|10px|10px|true|true&#8221; image_icon_custom_padding_tablet=&#8221;10px|10px|10px|10px|true|true&#8221; image_icon_custom_padding_phone=&#8221;8px|8px|8px|8px|true|true&#8221; image_icon_custom_padding_last_edited=&#8221;on|phone&#8221; width=&#8221;70%&#8221; width_tablet=&#8221;100%&#8221; width_phone=&#8221;100%&#8221; width_last_edited=&#8221;on|phone&#8221; custom_margin=&#8221;||1em||false|false&#8221; border_radii_image=&#8221;on|25px|25px|25px|25px&#8221; global_colors_info=&#8221;{}&#8221;]<\/p>\n<p>Garantir un ambient segur i acollidor a les nostres cases d&#8217;acolliment.<\/p>\n<p>[\/et_pb_blurb][et_pb_blurb use_icon=&#8221;on&#8221; font_icon=&#8221;&#xe089;||divi||400&#8243; icon_color=&#8221;#ECDEB9&#8243; image_icon_background_color=&#8221;#8D9C85&#8243; icon_placement=&#8221;left&#8221; image_icon_width=&#8221;30px&#8221; content_max_width=&#8221;100%&#8221; image_icon_width_tablet=&#8221;30px&#8221; image_icon_width_phone=&#8221;18px&#8221; image_icon_width_last_edited=&#8221;on|phone&#8221; _builder_version=&#8221;4.27.3&#8243; _module_preset=&#8221;default&#8221; body_text_color=&#8221;#333333&#8243; image_icon_custom_padding=&#8221;10px|10px|10px|10px|true|true&#8221; image_icon_custom_padding_tablet=&#8221;10px|10px|10px|10px|true|true&#8221; image_icon_custom_padding_phone=&#8221;8px|8px|8px|8px|true|true&#8221; image_icon_custom_padding_last_edited=&#8221;on|phone&#8221; width=&#8221;70%&#8221; width_tablet=&#8221;100%&#8221; width_phone=&#8221;100%&#8221; width_last_edited=&#8221;on|phone&#8221; border_radii_image=&#8221;on|25px|25px|25px|25px&#8221; global_colors_info=&#8221;{}&#8221;]<\/p>\n<p>Promoure l&#8217;adopci\u00f3 responsable, donant-li a cada gos l&#8217;oportunitat de trobar una fam\u00edlia amorosa.<\/p>\n<p>[\/et_pb_blurb][\/et_pb_column][et_pb_column type=&#8221;1_4&#8243; _builder_version=&#8221;4.27.3&#8243; _module_preset=&#8221;default&#8221; global_colors_info=&#8221;{}&#8221;][\/et_pb_column][\/et_pb_row][et_pb_row column_structure=&#8221;3_4,1_4&#8243; _builder_version=&#8221;4.27.3&#8243; _module_preset=&#8221;default&#8221; custom_padding=&#8221;0px||0px||true|false&#8221; locked=&#8221;off&#8221; global_colors_info=&#8221;{}&#8221;][et_pb_column type=&#8221;3_4&#8243; _builder_version=&#8221;4.27.3&#8243; _module_preset=&#8221;default&#8221; global_colors_info=&#8221;{}&#8221;][et_pb_text _builder_version=&#8221;4.27.3&#8243; _module_preset=&#8221;default&#8221; text_font=&#8221;&#8211;et_global_heading_font||||||||&#8221; text_text_color=&#8221;#00471B&#8221; text_font_size=&#8221;1.6em&#8221; text_line_height=&#8221;1.4em&#8221; global_colors_info=&#8221;{}&#8221;]<\/p>\n<p>Gr\u00e0cies a tots!<\/p>\n<p>[\/et_pb_text][et_pb_text _builder_version=&#8221;4.27.3&#8243; _module_preset=&#8221;default&#8221; text_text_color=&#8221;#333333&#8243; custom_margin=&#8221;||2em||false|false&#8221; hover_enabled=&#8221;0&#8243; global_colors_info=&#8221;{}&#8221; custom_margin_last_edited=&#8221;on|tablet&#8221; sticky_enabled=&#8221;0&#8243; custom_margin_tablet=&#8221;||0em||false|false&#8221; custom_margin_phone=&#8221;||0em||false|false&#8221;]<\/p>\n<p>Cada nom en esta p\u00e0gina representa un cor gener\u00f3s que batega pel benestar dels nostres gossos. Volem que s\u00e0pien que el seu suport ens inspira i ens dona la for\u00e7a per a continuar. Cadascun de vosaltres \u00e9s un heroi per a nosaltres i, per descomptat, per a tots els peluts que han tingut la sort de creuar-se en el vostre cam\u00ed<\/p>\n<p>[\/et_pb_text][\/et_pb_column][et_pb_column type=&#8221;1_4&#8243; _builder_version=&#8221;4.27.3&#8243; _module_preset=&#8221;default&#8221; global_colors_info=&#8221;{}&#8221;][\/et_pb_column][\/et_pb_row][\/et_pb_section][et_pb_section fb_built=&#8221;1&#8243; custom_padding_last_edited=&#8221;off|tablet&#8221; prev_background_color=&#8221;#F4EBD5&#8243; _builder_version=&#8221;4.27.3&#8243; _module_preset=&#8221;default&#8221; background_color=&#8221;#F4EBD5&#8243; use_background_color_gradient=&#8221;on&#8221; background_color_gradient_stops=&#8221;rgba(255,255,255,0.69) 0%|#f4ebd5 100%&#8221; custom_padding_tablet=&#8221;0px||||false|false&#8221; top_divider_style=&#8221;clouds&#8221; top_divider_height=&#8221;387px&#8221; da_disable_devices=&#8221;off|off|off&#8221; global_colors_info=&#8221;{}&#8221; locked=&#8221;off&#8221; da_is_popup=&#8221;off&#8221; da_exit_intent=&#8221;off&#8221; da_has_close=&#8221;on&#8221; da_alt_close=&#8221;off&#8221; da_dark_close=&#8221;off&#8221; da_not_modal=&#8221;on&#8221; da_is_singular=&#8221;off&#8221; da_with_loader=&#8221;off&#8221; da_has_shadow=&#8221;on&#8221;][et_pb_row column_structure=&#8221;1_2,1_2&#8243; make_equal=&#8221;on&#8221; _builder_version=&#8221;4.27.3&#8243; _module_preset=&#8221;default&#8221; background_enable_color=&#8221;off&#8221; global_colors_info=&#8221;{}&#8221;][et_pb_column type=&#8221;1_2&#8243; _builder_version=&#8221;4.27.3&#8243; _module_preset=&#8221;default&#8221; background_color=&#8221;#8D9C85&#8243; custom_padding=&#8221;2em|2em|2em|2em|true|true&#8221; custom_padding_tablet=&#8221;2em|2em|2em|2em|true|true&#8221; custom_padding_phone=&#8221;|1em||1em|true|true&#8221; custom_padding_last_edited=&#8221;on|phone&#8221; border_radii=&#8221;on|20px|20px|20px|20px&#8221; border_width_all=&#8221;4px&#8221; border_color_all=&#8221;#F4EBD5&#8243; border_style_all=&#8221;dotted&#8221; global_colors_info=&#8221;{}&#8221;][et_pb_text _builder_version=&#8221;4.27.3&#8243; _module_preset=&#8221;default&#8221; text_text_color=&#8221;#F4EBD5&#8243; text_line_height=&#8221;1.5em&#8221; header_2_font=&#8221;|||on|||||&#8221; header_2_text_color=&#8221;#F4EBD5&#8243; background_layout=&#8221;dark&#8221; hover_enabled=&#8221;0&#8243; locked=&#8221;off&#8221; global_colors_info=&#8221;{}&#8221; sticky_enabled=&#8221;0&#8243;]<\/p>\n<h2>Guardians<\/h2>\n<p>[\/et_pb_text][\/et_pb_column][et_pb_column type=&#8221;1_2&#8243; _builder_version=&#8221;4.27.3&#8243; _module_preset=&#8221;default&#8221; background_color=&#8221;#8D9C85&#8243; custom_padding=&#8221;2em|2em|2em|2em|true|true&#8221; custom_padding_tablet=&#8221;2em|2em|2em|2em|true|true&#8221; custom_padding_phone=&#8221;|1em||1em|true|true&#8221; custom_padding_last_edited=&#8221;on|phone&#8221; border_radii=&#8221;on|20px|20px|20px|20px&#8221; border_width_all=&#8221;4px&#8221; border_color_all=&#8221;#F4EBD5&#8243; border_style_all=&#8221;dotted&#8221; global_colors_info=&#8221;{}&#8221;][et_pb_text _builder_version=&#8221;4.27.3&#8243; _module_preset=&#8221;default&#8221; text_text_color=&#8221;#F4EBD5&#8243; text_line_height=&#8221;1.5em&#8221; header_2_text_color=&#8221;#F4EBD5&#8243; background_layout=&#8221;dark&#8221; hover_enabled=&#8221;0&#8243; global_colors_info=&#8221;{}&#8221; sticky_enabled=&#8221;0&#8243;]<\/p>\n<h2>Socis AMICS<\/h2>\nLurdes, Francisca, Macarena, Esther Mayo, Val\n<p>[\/et_pb_text][\/et_pb_column][\/et_pb_row][et_pb_row disabled_on=&#8221;on|on|off&#8221; _builder_version=&#8221;4.27.3&#8243; _module_preset=&#8221;default&#8221; custom_padding=&#8221;0px||||false|false&#8221; global_colors_info=&#8221;{}&#8221;][et_pb_column type=&#8221;4_4&#8243; _builder_version=&#8221;4.27.3&#8243; _module_preset=&#8221;default&#8221; global_colors_info=&#8221;{}&#8221;][et_pb_icon font_icon=&#8221;&#xe089;||divi||400&#8243; icon_color=&#8221;#886D96&#8243; icon_width=&#8221;190px&#8221; align_tablet=&#8221;right&#8221; align_last_edited=&#8221;off|desktop&#8221; _builder_version=&#8221;4.27.3&#8243; _module_preset=&#8221;default&#8221; custom_margin=&#8221;-4em||-13em||false|false&#8221; scroll_rotating_enable=&#8221;on&#8221; scroll_rotating=&#8221;0|50|50|100|40\u00b0|0|-40\u00b0&#8221; global_colors_info=&#8221;{}&#8221;][\/et_pb_icon][\/et_pb_column][\/et_pb_row][et_pb_row column_structure=&#8221;1_2,1_2&#8243; make_equal=&#8221;on&#8221; custom_padding_last_edited=&#8221;on|tablet&#8221; _builder_version=&#8221;4.27.3&#8243; _module_preset=&#8221;default&#8221; background_enable_color=&#8221;off&#8221; custom_padding_tablet=&#8221;0px||||false|false&#8221; custom_padding_phone=&#8221;0px||||false|false&#8221; global_colors_info=&#8221;{}&#8221;][et_pb_column type=&#8221;1_2&#8243; _builder_version=&#8221;4.27.3&#8243; _module_preset=&#8221;default&#8221; background_color=&#8221;#8D9C85&#8243; custom_padding=&#8221;2em|2em|2em|2em|true|true&#8221; custom_padding_tablet=&#8221;2em|2em|2em|2em|true|true&#8221; custom_padding_phone=&#8221;|1em||1em|true|true&#8221; custom_padding_last_edited=&#8221;on|phone&#8221; border_radii=&#8221;on|20px|20px|20px|20px&#8221; border_width_all=&#8221;4px&#8221; border_color_all=&#8221;#F4EBD5&#8243; border_style_all=&#8221;dotted&#8221; global_colors_info=&#8221;{}&#8221;][et_pb_text _builder_version=&#8221;4.27.3&#8243; _module_preset=&#8221;default&#8221; text_text_color=&#8221;#F4EBD5&#8243; text_line_height=&#8221;1.5em&#8221; header_2_text_color=&#8221;#F4EBD5&#8243; background_layout=&#8221;dark&#8221; hover_enabled=&#8221;0&#8243; global_colors_info=&#8221;{}&#8221; sticky_enabled=&#8221;0&#8243;]<\/p>\n<h2>Socis PROTECTORS<\/h2>\nMabel Viviana\n<p>[\/et_pb_text][\/et_pb_column][et_pb_column type=&#8221;1_2&#8243; _builder_version=&#8221;4.27.3&#8243; _module_preset=&#8221;default&#8221; background_color=&#8221;#8D9C85&#8243; custom_padding=&#8221;2em|2em|2em|2em|true|true&#8221; custom_padding_tablet=&#8221;2em|2em|2em|2em|true|true&#8221; custom_padding_phone=&#8221;|1em||1em|true|true&#8221; custom_padding_last_edited=&#8221;on|phone&#8221; border_radii=&#8221;on|20px|20px|20px|20px&#8221; border_width_all=&#8221;4px&#8221; border_color_all=&#8221;#F4EBD5&#8243; border_style_all=&#8221;dotted&#8221; global_colors_info=&#8221;{}&#8221;][et_pb_text _builder_version=&#8221;4.27.3&#8243; _module_preset=&#8221;default&#8221; text_text_color=&#8221;#F4EBD5&#8243; text_line_height=&#8221;1.5em&#8221; header_2_text_color=&#8221;#F4EBD5&#8243; background_layout=&#8221;dark&#8221; hover_enabled=&#8221;0&#8243; global_colors_info=&#8221;{}&#8221; sticky_enabled=&#8221;0&#8243;]<\/p>\n<h2>Socis COL\u00b7LABORADORS<\/h2>\nLorenzo, Paz, Marina, Isabel\n<p>[\/et_pb_text][\/et_pb_column][\/et_pb_row][et_pb_row disabled_on=&#8221;off|off|on&#8221; _builder_version=&#8221;4.27.3&#8243; _module_preset=&#8221;default&#8221; custom_padding=&#8221;0px||0px||true|false&#8221; locked=&#8221;off&#8221; global_colors_info=&#8221;{}&#8221;][et_pb_column type=&#8221;4_4&#8243; _builder_version=&#8221;4.27.3&#8243; _module_preset=&#8221;default&#8221; global_colors_info=&#8221;{}&#8221;][et_pb_icon font_icon=&#8221;&#xe089;||divi||400&#8243; icon_color=&#8221;#886D96&#8243; icon_width=&#8221;190px&#8221; align_tablet=&#8221;right&#8221; align_last_edited=&#8221;off|desktop&#8221; _builder_version=&#8221;4.27.3&#8243; _module_preset=&#8221;default&#8221; custom_margin=&#8221;-4em||||false|false&#8221; scroll_rotating_enable=&#8221;on&#8221; scroll_rotating=&#8221;0|50|50|100|40\u00b0|0|-40\u00b0&#8221; global_colors_info=&#8221;{}&#8221;][\/et_pb_icon][\/et_pb_column][\/et_pb_row][\/et_pb_section]<\/p>\n","protected":false},"excerpt":{"rendered":"<p>Agra\u00efmentsGr\u00e0cies per Ajudar a Canviar Vides!En Les Reines del Biber\u00f3, creiem que cada vida conta, i gr\u00e0cies a la generositat dels nostres guardians i socis, podem oferir als nostres peluts [&hellip;]<\/p>\n","protected":false},"author":1,"featured_media":0,"parent":0,"menu_order":0,"comment_status":"closed","ping_status":"closed","template":"","meta":{"_acf_changed":false,"give_campaign_id":0,"_et_pb_use_builder":"on","_et_pb_old_content":"","_et_gb_content_width":"","_price":"","_stock":"","_tribe_ticket_header":"","_tribe_default_ticket_provider":"","_ticket_start_date":"","_ticket_end_date":"","_tribe_ticket_show_description":"","_tribe_ticket_show_not_going":false,"_tribe_ticket_use_global_stock":"","_tribe_ticket_global_stock_level":"","_global_stock_mode":"","_global_stock_cap":"","_tribe_rsvp_for_event":"","_tribe_ticket_going_count":"","_tribe_ticket_not_going_count":"","_tribe_tickets_list":"[]","_tribe_ticket_has_attendee_info_fields":false,"_joinchat":[],"footnotes":""},"class_list":["post-2895","page","type-page","status-publish","hentry"],"acf":[],"campaignId":"","_links":{"self":[{"href":"https:\/\/www.lasreinasdelbiberon.org\/val\/wp-json\/wp\/v2\/pages\/2895","targetHints":{"allow":["GET"]}}],"collection":[{"href":"https:\/\/www.lasreinasdelbiberon.org\/val\/wp-json\/wp\/v2\/pages"}],"about":[{"href":"https:\/\/www.lasreinasdelbiberon.org\/val\/wp-json\/wp\/v2\/types\/page"}],"author":[{"embeddable":true,"href":"https:\/\/www.lasreinasdelbiberon.org\/val\/wp-json\/wp\/v2\/users\/1"}],"replies":[{"embeddable":true,"href":"https:\/\/www.lasreinasdelbiberon.org\/val\/wp-json\/wp\/v2\/comments?post=2895"}],"version-history":[{"count":3,"href":"https:\/\/www.lasreinasdelbiberon.org\/val\/wp-json\/wp\/v2\/pages\/2895\/revisions"}],"predecessor-version":[{"id":3128,"href":"https:\/\/www.lasreinasdelbiberon.org\/val\/wp-json\/wp\/v2\/pages\/2895\/revisions\/3128"}],"wp:attachment":[{"href":"https:\/\/www.lasreinasdelbiberon.org\/val\/wp-json\/wp\/v2\/media?parent=2895"}],"curies":[{"name":"wp","href":"https:\/\/api.w.org\/{rel}","templated":true}]}}