{"id":2035,"date":"2024-10-09T17:34:21","date_gmt":"2024-10-09T15:34:21","guid":{"rendered":"https:\/\/www.lasreinasdelbiberon.org\/_pruebas\/"},"modified":"2024-10-23T13:07:50","modified_gmt":"2024-10-23T11:07:50","slug":"_pruebas","status":"publish","type":"page","link":"https:\/\/www.lasreinasdelbiberon.org\/val\/_pruebas\/","title":{"rendered":"_Pruebas"},"content":{"rendered":"<p>[et_pb_section fb_built=&#8221;1&#8243; _builder_version=&#8221;4.27.2&#8243; _module_preset=&#8221;default&#8221; global_colors_info=&#8221;{}&#8221;][et_pb_row _builder_version=&#8221;4.27.2&#8243; _module_preset=&#8221;default&#8221; global_colors_info=&#8221;{}&#8221;][et_pb_column type=&#8221;4_4&#8243; _builder_version=&#8221;4.27.2&#8243; _module_preset=&#8221;default&#8221; global_colors_info=&#8221;{}&#8221;][et_pb_text _builder_version=&#8221;4.27.2&#8243; _module_preset=&#8221;default&#8221; global_colors_info=&#8221;{}&#8221;]<\/p>\n<p>(Valenci\u00e0) Your content goes here. Edit or remove this text inline or in the module Content settings. Vost\u00e8 tamb\u00e9 podria estar interessat en aquest contingut en el module Design settings i apply custom CSS to the text in the module Advanced settings.  <\/p>\n<p>[\/et_pb_text][et_pb_db_product_carousel loop_layout=&#8221;1456&#8243; link_whole_gird=&#8221;on&#8221; featured_only=&#8221;on&#8221; hide_non_purchasable=&#8221;on&#8221; order_asc_desc=&#8221;DESC&#8221; posts_number_desktop=&#8221;3&#8243; posts_number_tablet=&#8221;1&#8243; arrows_color=&#8221;#000000&#8243; arrows_dis=&#8221;30px&#8221; custom_loop=&#8221;off&#8221; _builder_version=&#8221;4.27.2&#8243; _module_preset=&#8221;default&#8221; arrows_text_color=&#8221;#8D9C85&#8243; arrows_font_size=&#8221;32px&#8221; hover_enabled=&#8221;0&#8243; arrows_text_shadow_style=&#8221;preset2&#8243; global_colors_info=&#8221;{}&#8221; module_alignment=&#8221;center&#8221; sticky_enabled=&#8221;0&#8243;][\/et_pb_db_product_carousel][\/et_pb_column][\/et_pb_row][\/et_pb_section]<\/p>\n","protected":false},"excerpt":{"rendered":"<p>(Valenci\u00e0) Your content goes here. Edit or remove this text inline or in the module Content settings. Vost\u00e8 tamb\u00e9 podria estar interessat en aquest contingut en el module Design settings [&hellip;]<\/p>\n","protected":false},"author":1,"featured_media":0,"parent":0,"menu_order":0,"comment_status":"closed","ping_status":"closed","template":"","meta":{"_acf_changed":false,"give_campaign_id":0,"_et_pb_use_builder":"on","_et_pb_old_content":"","_et_gb_content_width":"","_price":"","_stock":"","_tribe_ticket_header":"","_tribe_default_ticket_provider":"","_ticket_start_date":"","_ticket_end_date":"","_tribe_ticket_show_description":"","_tribe_ticket_show_not_going":false,"_tribe_ticket_use_global_stock":"","_tribe_ticket_global_stock_level":"","_global_stock_mode":"","_global_stock_cap":"","_tribe_rsvp_for_event":"","_tribe_ticket_going_count":"","_tribe_ticket_not_going_count":"","_tribe_tickets_list":"[]","_tribe_ticket_has_attendee_info_fields":false,"_joinchat":[],"footnotes":""},"class_list":["post-2035","page","type-page","status-publish","hentry"],"acf":[],"campaignId":"","_links":{"self":[{"href":"https:\/\/www.lasreinasdelbiberon.org\/val\/wp-json\/wp\/v2\/pages\/2035","targetHints":{"allow":["GET"]}}],"collection":[{"href":"https:\/\/www.lasreinasdelbiberon.org\/val\/wp-json\/wp\/v2\/pages"}],"about":[{"href":"https:\/\/www.lasreinasdelbiberon.org\/val\/wp-json\/wp\/v2\/types\/page"}],"author":[{"embeddable":true,"href":"https:\/\/www.lasreinasdelbiberon.org\/val\/wp-json\/wp\/v2\/users\/1"}],"replies":[{"embeddable":true,"href":"https:\/\/www.lasreinasdelbiberon.org\/val\/wp-json\/wp\/v2\/comments?post=2035"}],"version-history":[{"count":2,"href":"https:\/\/www.lasreinasdelbiberon.org\/val\/wp-json\/wp\/v2\/pages\/2035\/revisions"}],"predecessor-version":[{"id":2037,"href":"https:\/\/www.lasreinasdelbiberon.org\/val\/wp-json\/wp\/v2\/pages\/2035\/revisions\/2037"}],"wp:attachment":[{"href":"https:\/\/www.lasreinasdelbiberon.org\/val\/wp-json\/wp\/v2\/media?parent=2035"}],"curies":[{"name":"wp","href":"https:\/\/api.w.org\/{rel}","templated":true}]}}